{"id":959,"date":"2017-07-25T10:00:17","date_gmt":"2017-07-25T08:00:17","guid":{"rendered":"http:\/\/rodzina.pastorbonus.pl\/?page_id=959"},"modified":"2025-06-11T22:16:02","modified_gmt":"2025-06-11T20:16:02","slug":"matematyka-fin","status":"publish","type":"page","link":"https:\/\/quantum.modlitwy24.pl\/?page_id=959","title":{"rendered":"Matematyka fin."},"content":{"rendered":"<p><a href=\"http:\/\/quantum.modlitwy24.pl\/wp-content\/uploads\/2025\/03\/srednioroczny-zysk.jpg\"><img loading=\"lazy\" decoding=\"async\" class=\"aligncenter size-medium wp-image-2138\" src=\"http:\/\/quantum.modlitwy24.pl\/wp-content\/uploads\/2025\/03\/srednioroczny-zysk-300x205.jpg\" alt=\"\" width=\"300\" height=\"205\" srcset=\"https:\/\/quantum.modlitwy24.pl\/wp-content\/uploads\/2025\/03\/srednioroczny-zysk-300x205.jpg 300w, https:\/\/quantum.modlitwy24.pl\/wp-content\/uploads\/2025\/03\/srednioroczny-zysk-1024x700.jpg 1024w, https:\/\/quantum.modlitwy24.pl\/wp-content\/uploads\/2025\/03\/srednioroczny-zysk-768x525.jpg 768w, https:\/\/quantum.modlitwy24.pl\/wp-content\/uploads\/2025\/03\/srednioroczny-zysk-624x427.jpg 624w, https:\/\/quantum.modlitwy24.pl\/wp-content\/uploads\/2025\/03\/srednioroczny-zysk.jpg 1053w\" sizes=\"auto, (max-width: 300px) 100vw, 300px\" \/><\/a><\/p>\n<p><strong>Je\u015bli lampa kosztuje 200 z\u0142 po 25% obni\u017cki, to ile kosztowa\u0142a wcze\u015bniej?<\/strong><br \/>\nJe\u015bli 200 z\u0142 stanowi 75% pocz\u0105tkowej ceny, to pe\u0142na cena (100%) wynosi\u0142a 200 z\u0142 podzielone przez 0,75, czyli 266,67 z\u0142.<br \/>\n200 z\u0142 : 0,75 = 266,67 z\u0142<\/p>\n<p><strong>R\u00d3\u017bNICA PROCENTOWA<\/strong><\/p>\n<p>=<strong>1-(zdyskontowana_cena\/oryginalna_cena)<\/strong><\/p>\n<p>Je\u015bli fundusz dzi\u015b kupi za 90 z\u0142 dwuletni\u0105 obligacj\u0119 p\u0142ac\u0105c\u0105 5% odsetek rocznie od ceny nominalnej w wysoko\u015bci 100 z\u0142 i b\u0119dzie trzyma\u0142 j\u0105 w portfelu do dnia zapadalno\u015bci, to jego sumaryczny kwotowy zysk z tej inwestycji wyniesie 20 z\u0142:<br \/>\n\u2022 2 razy po 5 z\u0142 odsetek oraz<br \/>\n\u2022 10 z\u0142 r\u00f3\u017cnicy mi\u0119dzy cen\u0105 zakupu obligacji (90 z\u0142), a jej cen\u0105 nominaln\u0105, czyli cen\u0105 wykupu (100 z\u0142).<br \/>\nStopa zwrotu wyniesie zatem 22% (20 z\u0142 zysku podzielone przez zainwestowane 90 z\u0142), co daje ok. 11% rentowno\u015bci w skali roku.<\/p>\n<p class=\"ql-center-displayed-equation\" style=\"line-height: 36px;\"><span class=\"ql-right-eqno\"> &nbsp; <\/span><span class=\"ql-left-eqno\"> &nbsp; <\/span><img loading=\"lazy\" decoding=\"async\" src=\"https:\/\/quantum.modlitwy24.pl\/wp-content\/ql-cache\/quicklatex.com-f61dea2c12e0b8a30d9ae0b4bd3b797a_l3.png\" height=\"36\" width=\"308\" class=\"ql-img-displayed-equation quicklatex-auto-format\" alt=\"&#92;&#91;&#32;&#83;&#116;&#111;&#112;&#97;&#32;&#92;&#32;&#122;&#119;&#114;&#111;&#116;&#117;&#61;&#92;&#102;&#114;&#97;&#99;&#123;&#122;&#121;&#115;&#107;&#125;&#123;&#122;&#97;&#105;&#110;&#119;&#101;&#115;&#116;&#111;&#119;&#97;&#110;&#97;&#32;&#92;&#32;&#32;&#107;&#119;&#111;&#116;&#97;&#125;&#92;&#32;&#92;&#93;\" title=\"Rendered by QuickLaTeX.com\"\/><\/p>\n<p class=\"ql-center-displayed-equation\" style=\"line-height: 37px;\"><span class=\"ql-right-eqno\"> &nbsp; <\/span><span class=\"ql-left-eqno\"> &nbsp; <\/span><img loading=\"lazy\" decoding=\"async\" src=\"https:\/\/quantum.modlitwy24.pl\/wp-content\/ql-cache\/quicklatex.com-6517e35b6f2ebf96e97910f48bef48c5_l3.png\" height=\"37\" width=\"198\" class=\"ql-img-displayed-equation quicklatex-auto-format\" alt=\"&#92;&#91;&#32;&#83;&#116;&#111;&#112;&#97;&#32;&#92;&#32;&#122;&#119;&#114;&#111;&#116;&#117;&#61;&#92;&#102;&#114;&#97;&#99;&#123;&#70;&#86;&#125;&#123;&#80;&#86;&#125;&#92;&#32;&#45;&#49;&#92;&#93;\" title=\"Rendered by QuickLaTeX.com\"\/><\/p>\n<p class=\"ql-center-displayed-equation\" style=\"line-height: 40px;\"><span class=\"ql-right-eqno\"> &nbsp; <\/span><span class=\"ql-left-eqno\"> &nbsp; <\/span><img loading=\"lazy\" decoding=\"async\" src=\"https:\/\/quantum.modlitwy24.pl\/wp-content\/ql-cache\/quicklatex.com-7e1e8f805b5c2b5722bb28523576a0aa_l3.png\" height=\"40\" width=\"303\" class=\"ql-img-displayed-equation quicklatex-auto-format\" alt=\"&#92;&#91;&#32;&#83;&#116;&#111;&#112;&#97;&#32;&#92;&#32;&#122;&#119;&#114;&#111;&#116;&#117;&#61;&#92;&#102;&#114;&#97;&#99;&#123;&#99;&#101;&#110;&#97;&#32;&#92;&#32;&#111;&#98;&#101;&#99;&#110;&#97;&#125;&#123;&#99;&#101;&#110;&#97;&#32;&#92;&#32;&#112;&#111;&#99;&#122;&#97;&#116;&#107;&#111;&#119;&#97;&#125;&#92;&#32;&#45;&#49;&#92;&#93;\" title=\"Rendered by QuickLaTeX.com\"\/><\/p>\n<p style=\"text-align: justify;\"><b>Punkt procentowy<\/b> (w skr\u00f3cie p.p.) \u2013\u00a0 wzrost wielko\u015bci z 20% do 30% jest r\u00f3wny 10 punktom procentowym<br \/>\n<b>Punkt bazowy<\/b> ( \u2031 ) \u2013 jedna setna punktu procentowego.<\/p>\n<p>2,26% p.a. (pa. oznacza per annum = na rok)<\/p>\n<p><a href=\"http:\/\/quantum.modlitwy24.pl\/wp-content\/uploads\/2019\/08\/123.png\"><img loading=\"lazy\" decoding=\"async\" class=\"alignnone size-full wp-image-1378\" src=\"http:\/\/quantum.modlitwy24.pl\/wp-content\/uploads\/2019\/08\/123.png\" alt=\"\" width=\"730\" height=\"177\" srcset=\"https:\/\/quantum.modlitwy24.pl\/wp-content\/uploads\/2019\/08\/123.png 730w, https:\/\/quantum.modlitwy24.pl\/wp-content\/uploads\/2019\/08\/123-300x73.png 300w, https:\/\/quantum.modlitwy24.pl\/wp-content\/uploads\/2019\/08\/123-624x151.png 624w\" sizes=\"auto, (max-width: 730px) 100vw, 730px\" \/><\/a><\/p>\n<p><strong>Jakim procentem liczby <span class=\"MathJax_MathML\">12<\/span> jest liczba <span class=\"MathJax_MathML\">3<\/span>?<\/strong><br \/>\n(3\/12)*100 = 25%<\/p>\n<p>Na przyk\u0142ad \u015bredni\u0105 geometryczn\u0105 liczb 2, 2, 5 i 7 jest<br \/>\n<img loading=\"lazy\" decoding=\"async\" class=\"alignnone size-full\" src=\"https:\/\/wikimedia.org\/api\/rest_v1\/media\/math\/render\/svg\/2775b05a1b6fdd83878bd085c653f4929d804786\" width=\"156\" height=\"24\" \/><\/p>\n<p><img decoding=\"async\" src=\"https:\/\/www.analizy.pl\/news_att\/wiadomosci_2016\/2016-04-21_KALKULATOR_stopa_zwrotu1.png\" \/><\/p>\n<p><img decoding=\"async\" src=\"https:\/\/www.analizy.pl\/news_att\/wiadomosci_2016\/2016-04-21_KALKULATOR_stopa_zwrotu3.png\" \/><\/p>\n<p><a href=\"https:\/\/www.analizy.pl\/fundusze\/edukacja\/jak-inwestowac\/20053\/jak-liczyc-stopy-zwrotu-%5Bporadnik%5D.html\">https:\/\/www.analizy.pl\/fundusze\/edukacja\/jak-inwestowac\/20053\/jak-liczyc-stopy-zwrotu-%5Bporadnik%5D.html<\/a><\/p>\n<hr \/>\n<p><a href=\"http:\/\/matematyka.pisz.pl\/strona\/1028.html\">http:\/\/matematyka.pisz.pl\/strona\/1028.html<\/a><\/p>\n<p><a href=\"http:\/\/quantum.modlitwy24.pl\/wp-content\/uploads\/2018\/05\/wo.gif\"><img loading=\"lazy\" decoding=\"async\" class=\"alignnone wp-image-1195 size-full\" src=\"http:\/\/quantum.modlitwy24.pl\/wp-content\/uploads\/2018\/05\/wo.gif\" alt=\"\" width=\"719\" height=\"814\" \/><\/a><\/p>\n<hr \/>\n<p>Nale\u017cy obliczy\u0107 cen\u0119 trzyletniej obligacji o warto\u015bci nominalnej 100,00 z\u0142 i kuponie odsetkowym wyp\u0142acanym co rok w wysoko\u015bci 5%, po takiej cenie aby uzyska\u0107 stop\u0119 zwrotu z inwestycji w wysoko\u015bci 5,6%.<br \/>\nOdsetki roczne wynosz\u0105: 5% * 100,00 z\u0142 = 5,00 z\u0142.<br \/>\n<a href=\"http:\/\/quantum.modlitwy24.pl.pl\/wp-content\/uploads\/2018\/05\/1880777_wz4a.jpg\"><img loading=\"lazy\" decoding=\"async\" class=\"alignnone wp-image-1191 size-full\" src=\"http:\/\/quantum.modlitwy24.pl\/wp-content\/uploads\/2018\/05\/1880777_wz4a.jpg\" alt=\"\" width=\"349\" height=\"46\" srcset=\"https:\/\/quantum.modlitwy24.pl\/wp-content\/uploads\/2018\/05\/1880777_wz4a.jpg 349w, https:\/\/quantum.modlitwy24.pl\/wp-content\/uploads\/2018\/05\/1880777_wz4a-300x40.jpg 300w\" sizes=\"auto, (max-width: 349px) 100vw, 349px\" \/><\/a><br \/>\n<a href=\"http:\/\/quantum.modlitwy24.pl\/wp-content\/uploads\/2018\/05\/ob1.jpg\"><img loading=\"lazy\" decoding=\"async\" class=\"alignnone wp-image-1192 size-full\" src=\"http:\/\/quantum.modlitwy24.pl\/wp-content\/uploads\/2018\/05\/ob1.jpg\" alt=\"\" width=\"312\" height=\"49\" srcset=\"https:\/\/quantum.modlitwy24.pl\/wp-content\/uploads\/2018\/05\/ob1.jpg 312w, https:\/\/quantum.modlitwy24.pl\/wp-content\/uploads\/2018\/05\/ob1-300x47.jpg 300w\" sizes=\"auto, (max-width: 312px) 100vw, 312px\" \/><\/a><br \/>\nC1, C2, Cn- wielko\u015bci strumieni odsetkowych<br \/>\nWw \u2013 warto\u015b\u0107 wykupu obligacji (zazwyczaj jest to warto\u015b\u0107 nominalna)<br \/>\nYTM &#8211; stopa zwrotu w terminie do wykupu<br \/>\nn &#8211; liczba okres\u00f3w odsetkowych<\/p>\n<p>&nbsp;<\/p>\n<p><a href=\"http:\/\/quantum.modlitwy24.pl\/wp-content\/uploads\/2024\/07\/zadanie.jpg\"><img loading=\"lazy\" decoding=\"async\" class=\"aligncenter size-medium wp-image-2065\" src=\"http:\/\/quantum.modlitwy24.pl\/wp-content\/uploads\/2024\/07\/zadanie-300x295.jpg\" alt=\"\" width=\"300\" height=\"295\" srcset=\"https:\/\/quantum.modlitwy24.pl\/wp-content\/uploads\/2024\/07\/zadanie-300x295.jpg 300w, https:\/\/quantum.modlitwy24.pl\/wp-content\/uploads\/2024\/07\/zadanie.jpg 440w\" sizes=\"auto, (max-width: 300px) 100vw, 300px\" \/><\/a><\/p>\n","protected":false},"excerpt":{"rendered":"<p>Je\u015bli lampa kosztuje 200 z\u0142 po 25% obni\u017cki, to ile kosztowa\u0142a wcze\u015bniej? Je\u015bli 200 z\u0142 stanowi 75% pocz\u0105tkowej ceny, to pe\u0142na cena (100%) wynosi\u0142a 200 z\u0142 podzielone przez 0,75, czyli 266,67 z\u0142. 200 z\u0142 : 0,75 = 266,67 z\u0142 R\u00d3\u017bNICA PROCENTOWA =1-(zdyskontowana_cena\/oryginalna_cena) Je\u015bli fundusz dzi\u015b kupi za 90 z\u0142 dwuletni\u0105 obligacj\u0119 p\u0142ac\u0105c\u0105 5% odsetek rocznie [&hellip;]<\/p>\n","protected":false},"author":1,"featured_media":0,"parent":0,"menu_order":0,"comment_status":"closed","ping_status":"closed","template":"page-templates\/full-width.php","meta":{"footnotes":""},"class_list":["post-959","page","type-page","status-publish","hentry"],"_links":{"self":[{"href":"https:\/\/quantum.modlitwy24.pl\/index.php?rest_route=\/wp\/v2\/pages\/959","targetHints":{"allow":["GET"]}}],"collection":[{"href":"https:\/\/quantum.modlitwy24.pl\/index.php?rest_route=\/wp\/v2\/pages"}],"about":[{"href":"https:\/\/quantum.modlitwy24.pl\/index.php?rest_route=\/wp\/v2\/types\/page"}],"author":[{"embeddable":true,"href":"https:\/\/quantum.modlitwy24.pl\/index.php?rest_route=\/wp\/v2\/users\/1"}],"replies":[{"embeddable":true,"href":"https:\/\/quantum.modlitwy24.pl\/index.php?rest_route=%2Fwp%2Fv2%2Fcomments&post=959"}],"version-history":[{"count":41,"href":"https:\/\/quantum.modlitwy24.pl\/index.php?rest_route=\/wp\/v2\/pages\/959\/revisions"}],"predecessor-version":[{"id":2145,"href":"https:\/\/quantum.modlitwy24.pl\/index.php?rest_route=\/wp\/v2\/pages\/959\/revisions\/2145"}],"wp:attachment":[{"href":"https:\/\/quantum.modlitwy24.pl\/index.php?rest_route=%2Fwp%2Fv2%2Fmedia&parent=959"}],"curies":[{"name":"wp","href":"https:\/\/api.w.org\/{rel}","templated":true}]}}