{"id":930,"date":"2017-06-27T09:34:47","date_gmt":"2017-06-27T07:34:47","guid":{"rendered":"http:\/\/rodzina.pastorbonus.pl\/?page_id=930"},"modified":"2024-12-11T07:20:57","modified_gmt":"2024-12-11T06:20:57","slug":"ciekawe","status":"publish","type":"page","link":"https:\/\/quantum.modlitwy24.pl\/?page_id=930","title":{"rendered":"Ciekawe"},"content":{"rendered":"<p><strong><span class=\"tytul\">kakofonia<br \/>\n<\/span><\/strong><b>1.\u00a0<\/b>\u00abnieprzyjemnie brzmi\u0105ca mieszanina d\u017awi\u0119k\u00f3w\u00bb<br \/>\n<b>2.\u00a0<\/b>\u00abmieszanina form, kolor\u00f3w, tre\u015bci\u00a0<span class=\"skrot-inny\">itp.<\/span>\u00bb<br \/>\n<strong><span class=\"tytul\">fraternizacja<\/span>\u00a0<\/strong><br \/>\n\u00abbratanie si\u0119 z lud\u017ami\u00bb<br \/>\n<strong><span class=\"tytul\">eklektyzm<\/span>\u00a0<\/strong><br \/>\n\u00abw sztuce, literaturze, filozofii lub badaniach naukowych: \u0142\u0105czenie w jedn\u0105 ca\u0142o\u015b\u0107 niejednorodnych element\u00f3w maj\u0105cych swe \u017ar\u00f3d\u0142o w r\u00f3\u017cnych stylach lub doktrynach\u00bb<br \/>\n<strong><span class=\"tytul\">dandys<\/span><\/strong><br \/>\n\u00abm\u0119\u017cczyzna o wyszukanym sposobie ubierania si\u0119 i do\u015b\u0107 swobodnych obyczajach<br \/>\n<strong><span class=\"tytul\">indyferencja<\/span>\u00a0<\/strong><br \/>\n\u00aboboj\u0119tno\u015b\u0107, bierno\u015b\u0107\u00bb<br \/>\n<strong>inercja<\/strong><br \/>\n\u00abbierne poddawanie si\u0119 czemu\u015b\u00bb\u00a0 bezw\u0142adno\u015b\u0107<br \/>\n<strong><span class=\"tytul\">makaronizm<\/span>\u00a0<\/strong><br \/>\n\u00abobcy, cz\u0119sto \u0142aci\u0144ski wyraz, zwrot lub obca forma wplecione do tekstu w j\u0119zyku ojczystym\u00bb<br \/>\n<strong><span class=\"tytul\">pietyzm<br \/>\n<\/span><\/strong>\u00abwielka dba\u0142o\u015b\u0107 o co\u015b, rzadziej o kogo\u015b, wynikaj\u0105ca z g\u0142\u0119bokiego szacunku dla tej rzeczy lub osoby\u00bb<br \/>\n<strong>polor<\/strong><br \/>\n\u00abkultura towarzyska i dobre maniery\u00bb<br \/>\n\u00abcecha tego, co jest wykwintne i wytworne\u00bb<br \/>\n<strong>Utracjusz\u00a0<\/strong><br \/>\n'cz\u0142owiek rozrzutny, lekkomy\u015blnie wydaj\u0105cy pieni\u0105dze, lekkoduch&#8217;<\/p>\n<div><\/div>\n<p>ameryka\u0144ski bombowiec strategiczny &#8211; <strong>B-2 Spirit<\/strong><br \/>\nameryka\u0144skich lotniskowiec z nap\u0119dem j\u0105drowym typu Gerald R. Ford<br \/>\nameryka\u0144ski atomowy okr\u0119t podwodny typu Ohio inaczej okr\u0119ty podwodne Trident<br \/>\nameryka\u0144ski kr\u0105\u017cownik rakietowy typu Ticonderoga<br \/>\nameryka\u0144ski my\u015bliwiec wielozadaniowy pi\u0105tej generacji<strong> &#8211; F-35 Lightning II<br \/>\n<\/strong>radziecki okr\u0119t podwodny typu aku\u0142a<strong><br \/>\n<\/strong>radziecki i rosyjski odrzutowy ponadd\u017awi\u0119kowy bombowiec strategiczny &#8211; <strong>Tu-160<br \/>\n<\/strong><\/p>\n<p>&nbsp;<\/p>\n<p>Jedyny ssak kt\u00f3ry nie jest w stanie skoczy\u0107 &#8211; s\u0142o\u0144<\/p>\n<p><span class=\"ILfuVd\" lang=\"pl\"><span class=\"hgKElc\">Aby wyprodukowa\u0107 jeden<\/span><\/span><span class=\"ILfuVd\" lang=\"pl\"><span class=\"hgKElc\"> kilog<\/span><\/span><span class=\"ILfuVd\" lang=\"pl\"><span class=\"hgKElc\">ram <\/span><\/span><span class=\"ILfuVd\" lang=\"pl\"><span class=\"hgKElc\">miodu, r\u00f3j musi zebra\u0107 nektar z <strong>ok. 4 mln kwiat\u00f3w<\/strong> i przelecie\u0107 \u0142\u0105cznie prawie <strong>100 tys. kilometr\u00f3w<\/strong><\/span><\/span><\/p>\n<h2 id=\"co-to-jest-lng\">Co to jest LNG?<\/h2>\n<p>LNG (Liquefied Natural Gas) to gaz ziemny, kt\u00f3ry w procesie skraplania, zostaje sch\u0142odzony do temperatury -162\u00baC. W procesie tym gaz jest oczyszczany i zwi\u0119ksza swoj\u0105 g\u0119sto\u015b\u0107 energetyczn\u0105 przy jednoczesnym zmniejszeniu obj\u0119to\u015bci (ok. 600 razy). Dzi\u0119ki temu skroplony gaz ziemny <a href=\"https:\/\/www.muratorplus.pl\/technika\/elektroenergetyka\/lng-jak-powstaje-lng-i-jakie-ma-zalety-znaczenie-lng-w-energetyce-aa-EEUG-LpfT-WwNa.html\" target=\"_blank\" rel=\"follow noopener\">LNG<\/a> mo\u017cna \u0142atwo transportowa\u0107 i magazynowa\u0107.<\/p>\n<h2 id=\"lng-a-lpg-porownanie-wlasciwosci\">LNG a LPG &#8211; por\u00f3wnanie w\u0142a\u015bciwo\u015bci<\/h2>\n<p>LNG sk\u0142ada si\u0119 g\u0142\u00f3wnie z metanu, jego zawarto\u015b\u0107 wynosi ok. 95%. G\u0142\u00f3wnym sk\u0142adnikiem LPG jest natomiast propan. Sk\u0142ad obu gaz\u00f3w warunkuje ich w\u0142a\u015bciwo\u015bci. Gaz LNG, w przeciwie\u0144stwie do gazu LPG, jest l\u017cejszy od powietrza, przez co unosi si\u0119 ku g\u00f3rze. To wa\u017cna w\u0142a\u015bciwo\u015b\u0107, kt\u00f3ra ma wp\u0142yw na instalacj\u0119 i spos\u00f3b magazynowania gazu LNG. Aby <a href=\"https:\/\/www.muratorplus.pl\/technika\/elektroenergetyka\/gaz-lng-jakie-jest-zastosowanie-gazu-lng-aa-6rtw-XN2N-HwJH.html\" target=\"_blank\" rel=\"follow noopener\">gaz LNG<\/a> zachowa\u0142 posta\u0107 skroplon\u0105, musi by\u0107 przechowywany w temperaturze ok. -162\u00baC, st\u0105d odpowiednia budowa zbiornika &#8211; zbiornik kriogeniczny, sk\u0142adaj\u0105cy si\u0119 ze zbiornika wewn\u0119trznego ze stali nierdzewnej, oraz zbiornika zewn\u0119trznego. Zbiornik wewn\u0119trzny umieszczony jest w zbiorniku zewn\u0119trznym za pomoc\u0105 specjalnych ci\u0119gien, a pomi\u0119dzy nimi jest pr\u00f3\u017cnia, pe\u0142ni\u0105ca funkcj\u0119 izolacyjn\u0105. Taka budowa zbiornika zapewnia utrzymanie gazu w odpowiednio niskiej temperaturze. Gaz LNG jest gazem \u0142atwopalnym i bezwonnym. Granica wybuchowo\u015bci, podobnie jak dla gazu ziemnego, mie\u015bci si\u0119 w granicach od 5 do 15% zawarto\u015bci w mieszaninie z powietrzem.<\/p>\n<table>\n<tbody>\n<tr>\n<td><strong>LNG<\/strong><\/td>\n<td><strong>LPG<\/strong><\/td>\n<\/tr>\n<tr>\n<td>l\u017cejszy od powietrza, przez co unosi si\u0119 ku g\u00f3rze<\/td>\n<td>ci\u0119\u017cszy od powietrza, skupia si\u0119 przy pod\u0142o\u017cu<\/td>\n<\/tr>\n<tr>\n<td>musi by\u0107 magazynowany w temp. ok. -162\u00baC, aby pozosta\u0142 w fazie skroplonej<\/td>\n<td>magazynowany w temp. od 40 do &#8211; 20\u00baC<\/td>\n<\/tr>\n<tr>\n<td>ni\u017csza warto\u015b\u0107 opa\u0142owa 35,40 MJ\/m\u00b3<\/td>\n<td>wy\u017csza warto\u015b\u0107 opa\u0142owa 93,57 MJ\/m\u00b3<\/td>\n<\/tr>\n<tr>\n<td>ciep\u0142o spalania 39,26 MJ\/m\u00b3<\/td>\n<td>ciep\u0142o spalania 102,16 MJ\/m\u00b3<\/td>\n<\/tr>\n<tr>\n<td>g\u0119sto\u015b\u0107 od 410 kg\/m\u00b3 \u2013 520 kg\/m\u00b3<\/td>\n<td>g\u0119sto\u015b\u0107 fazy ciek\u0142ej od 510 do 580 kg\/m\u00b3<\/td>\n<\/tr>\n<\/tbody>\n<\/table>\n<p>&nbsp;<\/p>\n<p><strong>atrofia<\/strong><br \/>\n\u00abzanik uczu\u0107, cech lub jakich\u015b warto\u015bci\u00bb<\/p>\n<p><strong>woluntaryzm<\/strong><br \/>\n1. \u00abkierowanie si\u0119 tylko w\u0142asn\u0105 wol\u0105 i nieliczenie si\u0119 z opiniami innych ludzi w podejmowaniu decyzji\u00bb<br \/>\n2. filoz. \u00abpogl\u0105d, wed\u0142ug kt\u00f3rego wola ludzka jest g\u0142\u00f3wnym czynnikiem kszta\u0142tuj\u0105cym zar\u00f3wno poznanie, jak i przedmiot poznania\u00bb<br \/>\n3. \u00abpogl\u0105d przypisuj\u0105cy aktom woli pierwsze\u0144stwo przed innymi zjawiskami psychicznymi\u00bb<\/p>\n<p><strong>kostropaty &#8211; <\/strong>to s\u0142owo mo\u017ce oznacza\u0107 zar\u00f3wno kogo\u015b niemi\u0142ego, jak i co\u015b nier\u00f3wnego, chropowatego.<\/p>\n<p>w Polsce przez lata, jak nie wiadomo by\u0142o na kogo zrzuci\u0107 dane obowi\u0105zki, zrzucano je na s\u0119dzi\u00f3w. I st\u0105d mamy 15 mln spraw rocznie w s\u0105dach. St\u0105d wzi\u0119\u0142a si\u0119 te\u017c armia s\u0119dzi\u00f3w 26 s\u0119dzi\u00f3w na 100 tys. mieszka\u0144c\u00f3w, podczas gdy w Wielkiej Brytanii jest to trzech s\u0119dzi\u00f3w, w Danii siedmiu, a we Francji dziewi\u0119ciu.<\/p>\n<hr \/>\n<p><strong>43 tryliony<\/strong> (19 cyfr) kombinacji kostki rubika &#8211; gdyby\u015bmy ka\u017cd\u0105 kombinacje u\u0142ozyli na kostce to pokry\u0142aby ona ca\u0142\u0105 kul\u0119 ziemsk\u0105 270 razy<\/p>\n<hr \/>\n<p><strong>W\u0119ze\u0142<\/strong><br \/>\njednostka miary, r\u00f3wna jednej mili morskiej na godzin\u0119. Stosowana do okre\u015blania pr\u0119dko\u015bci morskich jednostek p\u0142ywaj\u0105cych, a w cz\u0119\u015bci pa\u0144stw i w ruchu mi\u0119dzynarodowym tak\u017ce statk\u00f3w powietrznych (samolot\u00f3w, \u015bmig\u0142owc\u00f3w, szybowc\u00f3w, balon\u00f3w). Ponadto w meteorologii \u2013 pomocniczo do okre\u015blania pr\u0119dko\u015bci wiatr\u00f3w i pr\u0105d\u00f3w morskich<br \/>\n<b>1 w. = 1\u00a0<a title=\"Mila morska\" href=\"https:\/\/pl.wikipedia.org\/wiki\/Mila_morska\">mila morska<\/a>\/<a title=\"Godzina\" href=\"https:\/\/pl.wikipedia.org\/wiki\/Godzina\">h<\/a>\u00a0= 1,852\u00a0<a title=\"Kilometr na godzin\u0119\" href=\"https:\/\/pl.wikipedia.org\/wiki\/Kilometr_na_godzin%C4%99\">km\/h<\/a>\u00a0\u2248 0,514444\u00a0<a title=\"Metr na sekund\u0119\" href=\"https:\/\/pl.wikipedia.org\/wiki\/Metr_na_sekund%C4%99\">m\/s<\/a><br \/>\n<\/b><strong>1 mila = 1853,18 m<\/strong><\/p>\n<p><strong>kWh a KW<\/strong><br \/>\n<strong>&#8222;kWh &#8211; kilowatogodzina<\/strong> jest jednostk\u0105 energii, jednostka pokazuje zu\u017cycie pr\u0105du w ci\u0105gu jednej godziny przez urz\u0105dzenie dzia\u0142aj\u0105ce z moc\u0105 1 kilowata (kW). <strong>Kilowat (kW)<\/strong> jest miar\u0105 mocy&#8221;.<br \/>\nkWh = 1kW*1h<\/p>\n<p>GALON &#8211; miara obj\u0119to\u015bci (pojemno\u015bci) p\u0142yn\u00f3w i cia\u0142 sypkich stosowana w krajach anglosaskich:<br \/>\n&#8211; Galon angielski\u00a0 = 4,54 litra<br \/>\n<strong>&#8211; Galon ameryka\u0144ski dla p\u0142yn\u00f3w = 3,78 litra<\/strong><\/p>\n<p><b>Bary\u0142ka<\/b> \u2013 jednostka obj\u0119to\u015bci (ok. 159 l) cieczy i cia\u0142 sypkich, poza krajami anglosaskimi u\u017cywana g\u0142\u00f3wnie w handlu rop\u0105 naftow\u0105.<br \/>\n1 bary\u0142ka ropy naftowej (skr\u00f3t: 1 bbl) = 42 galony ameryka\u0144skie = (~159 l) \u2013 standardowa jednostka obj\u0119to\u015bci w przemy\u015ble naftowym.<br \/>\n1 bary\u0142ka ropy naftowej = 1,7 MWh<\/p>\n<hr \/>\n<p>S\u0142owo \u201c<strong>sp\u00f3\u0142ka offshore<\/strong>\u201d odnosi si\u0119 do sp\u00f3\u0142ki akcyjnej, sp\u00f3\u0142ki z ograniczon\u0105 odpowiedzialno\u015bci\u0105 b\u0105d\u017a sp\u00f3\u0142ki o podobnym charakterze utworzonej w pa\u0144stwie obcym w stosunku do beneficjent\u00f3w takiej sp\u00f3\u0142ki.<br \/>\nKatalog powod\u00f3w dla kt\u00f3rych tworzy si\u0119 sp\u00f3\u0142ki offshore jest w zasadzie typowy.\u00a0Chodzi o wykorzystanie korzystniejszych przepis\u00f3w, ni\u017c te, kt\u00f3re obowi\u0105zuj\u0105 \u201conshore\u201d<\/p>\n<p>&nbsp;<\/p>\n<p>W ostatnich latach pojawi\u0142a si\u0119 jednak jeszcze jedna koncepcja na to, sk\u0105d wzi\u0105\u0107 dodatkowe \u015brodki. Okre\u015bla si\u0119 j\u0105 mianem <strong>Nowoczesnej Teorii Pieni\u0105dza, czyli MMT (Modern Monetary Theory)<\/strong>.:<br \/>\n&#8211; To rz\u0105d poprzez bank centralny kreuje pieni\u0105dz, wi\u0119c nie jest mo\u017cliwe jego bankructwo, bior\u0105c pod uwag\u0119, \u017ce zawsze mo\u017cna wykreowa\u0107 wi\u0119cej pieni\u0105dza.<br \/>\n&#8211; Pieni\u0105dz mo\u017ce by\u0107 wykreowany na ka\u017cde zawo\u0142anie, a ta kreacja jest dla rz\u0105du dochodowym biznesem. Ju\u017c obecnie rz\u0105dy na ca\u0142ym \u015bwiecie zarabiaj\u0105 miliardy na produkcji pieni\u0105dza, kt\u00f3ra kosztuje grosze w por\u00f3wnaniu z ich warto\u015bci\u0105 nominaln\u0105.<br \/>\n&#8211; Podatki nie s\u0105 po to, \u017ceby finansowa\u0107 wydatki, ale po to, \u017ceby usuwa\u0107 nadmiar pieni\u0105dza z gospodarki. Jak wspomnieli\u015bmy w punkcie pierwszym, wydatki mo\u017cna sfinansowa\u0107 w ka\u017cdej chwili bez potrzeby si\u0119gania do podatk\u00f3w.<br \/>\n&#8211; To nie rz\u0105d potrzebuje naszych pieni\u0119dzy (bo mo\u017ce je przecie\u017c sobie wykreowa\u0107), ale to my potrzebujemy pieni\u0119dzy od rz\u0105du, np. do wykonywania codziennych transakcji.<br \/>\n&#8211; Jedyny limit dla dodatkowej kreacji pieni\u0105dza to ilo\u015b\u0107 d\u00f3br i us\u0142ug, jak\u0105 gospodarka jest w stanie dostarczy\u0107. Je\u015bli pieni\u0105dza b\u0119dzie wi\u0119cej, to pojawi si\u0119 inflacja. St\u0105d te\u017c pomys\u0142 walki ze zbyt du\u017cym wzrostem cen towar\u00f3w i us\u0142ug za pomoc\u0105 podatk\u00f3w, a nie st\u00f3p procentowych.<\/p>\n\n<div class=\"sp-wrap sp-wrap-default\">\n<div class=\"sp-head\" title=\"Expand\">\nJajko\n<\/div>\n<div class=\"sp-body folded\">\n<\/p>\n<p><a href=\"https:\/\/ocdn.eu\/pulscms-transforms\/1\/f3Pk9kpTURBXy9jMmNmZTM3MGE2ZjgyYzQ1YzJiZmEyMTA5NWU1MmEyMC5qcGeRlQLNAxQAwsOBoTAF\">https:\/\/ocdn.eu\/pulscms-transforms\/1\/f3Pk9kpTURBXy9jMmNmZTM3MGE2ZjgyYzQ1YzJiZmEyMTA5NWU1MmEyMC5qcGeRlQLNAxQAwsOBoTAF<\/a><\/p>\n<p>\n<div class=\"spdiv\">[collapse]<\/div>\n<\/div>\n<\/div>\n\n<p>Czytam r\u00f3\u017cne, cz\u0119sto <strong>kontradyktoryjne<\/strong> komunikaty<br \/>\n\u00abzaprzeczaj\u0105cy komu\u015b lub czemu\u015b\u00bb<br \/>\n\u00abdaj\u0105cy mo\u017cno\u015b\u0107 wypowiedzenia si\u0119 obu stronom\u00bb<br \/>\n\u2022\u00a0<span class=\"tytul-der\">kontradyktoryjno\u015b\u0107<\/span><\/p>\n<p>&nbsp;<\/p>\n<p><b>impertynencki<br \/>\n<\/b>taki, kt\u00f3ry odznacza si\u0119 obra\u017aliwym, bezczelnym zachowaniem; arogancki, bezczelny, butny, zuchwa\u0142y<\/p>\n<p>W 2018 roku na \u015bwiecie g\u0142\u00f3d dotkn\u0105\u0142 821,6 mln ludzi.<br \/>\nhttps:\/\/www.tvn24.pl\/wiadomosci-ze-swiata,2\/onz-raport-w-sprawie-glodu-i-niedozywienia-na-swiecie,953163.html<\/p>\n<p>&nbsp;<\/p>\n<p style=\"text-align: justify;\"><strong>Warren Buffett<br \/>\n<\/strong>W 1962 roku kupi\u0142 akcje Berkshire Hathaway, ma\u0142ej fabryki tkanin z New Bedford w stanie Massachusetts. Od tego momentu (2018) warto\u015b\u0107 indeksu Dow Jones Industrial Average wzros\u0142a 30-krotnie \u2013 a warto\u015b\u0107 Berkshire Hathaway wzros\u0142a 33 333 razy.<br \/>\nW 1993 roku Berkshire Hathaway dosz\u0142a do porozumienia w sprawie zakupu sp\u00f3\u0142ki Dexter Shoes za 433 miliony dolar\u00f3w. Kilka lat p\u00f3\u017aniej warto\u015b\u0107 tej firmy mia\u0142a spa\u015b\u0107 do zera.<br \/>\nZrobi\u0142 zatem dok\u0142adnie to, co robi\u0105 wszyscy ludzie na \u015bwiecie \u2013 podejmuj\u0105c decyzj\u0119 o\u00a0tym, czy co\u015b zrobi\u0107, czy nie, odwo\u0142a\u0142 si\u0119 do tego, co naj\u0142atwiej mu by\u0142o przywo\u0142a\u0107 z\u00a0pami\u0119ci. W\u00a0przypadku zakupu Dexter Shoes by\u0142 to sukces zwi\u0105zany z\u00a0zakupem H.H.\u00a0Brown.<br \/>\nW\u00a0jego dorocznych listach do akcjonariuszy s\u0142owo \u201eb\u0142\u0105d\u201d pojawia si\u0119 163 razy<\/p>\n<p class=\"odp\"><strong>Isaac Newton<\/strong><br \/>\nJego iloraz inteligencji wynosi\u0142 190, a on sam potrafi\u0142 dokonywa\u0107 r\u0119cznych oblicze\u0144 z dok\u0142adno\u015bci\u0105 do 55 miejsc po przecinku,<br \/>\nGdy w\u00a01720\u00a0roku akcje Kompanii M\u00f3rz Po\u0142udniowych zacz\u0119\u0142y rosn\u0105\u0107, na ulicach Londynu zapanowa\u0142a prawdziwa histeria. Newton znalaz\u0142 si\u0119 w\u00a0zwi\u0105zku z\u00a0tym w\u00a0interesuj\u0105cym po\u0142o\u017ceniu. Kupi\u0142 akcje tej sp\u00f3\u0142ki, po czym sprzeda\u0142 je ze 100-procentowym zyskiem. Problem polega\u0142 na tym, \u017ce warto\u015b\u0107 tych akcji wzros\u0142a o\u015bmiokrotnie w\u00a0nieca\u0142e p\u00f3\u0142 roku i\u00a0jako\u015b nie chcia\u0142y przesta\u0107 rosn\u0105\u0107 tylko dlatego, \u017ce on postanowi\u0142 zrealizowa\u0107 zyski. Newton nie umia\u0142 od\u017ca\u0142owa\u0107 decyzji o\u00a0sprzeda\u017cy tych papier\u00f3w i\u00a0w\u00a0ko\u0144cu kupi\u0142 je ponownie, tyle \u017ce tym razem naby\u0142 ich trzykrotnie wi\u0119cej. Trzyma\u0142 te papiery i\u00a0czerpa\u0142 z\u00a0nich dywidend\u0119, a\u017c ich cena osi\u0105gn\u0119\u0142a szczyt. Niestety, zamiast podwoi\u0107 sw\u00f3j stan posiadania, Newton mia\u0142 nied\u0142ugo wszystko straci\u0107. Gdy ba\u0144ka w\u00a0ko\u0144cu p\u0119k\u0142a, akcje w\u00a0ci\u0105gu zaledwie czterech tygodni straci\u0142y 75 procent warto\u015bci.<\/p>\n<p class=\"odp\">Na pytanie o to, w jakim kierunku p\u00f3jdzie rynek, odpar\u0142 kiedy\u015b: \u201ePotrafi\u0119 obliczy\u0107 ruchy cia\u0142 niebieskich, ale nie szale\u0144stwo ludzi\u201d. Isaac Newton zalicza si\u0119 do grona najm\u0105drzejszych ludzi, jacy kiedykolwiek st\u0105pali po ziemi, ale nawet on nie umia\u0142 spokojnie patrze\u0107 na to, jak inni ludzie bogac\u0105 si\u0119, kiedy jego maj\u0105tek nie ulega pomno\u017ceniu.<\/p>\n<hr \/>\n<p class=\"adSlotSibling\" style=\"text-align: justify;\" data-async-ad-slot=\"true\"><strong>Rachunek obrot\u00f3w bie\u017c\u0105cych<\/strong><br \/>\nRachunek obrot\u00f3w bie\u017c\u0105cych danego pa\u0144stwa m\u00f3wi nam, ile pieni\u0119dzy wp\u0142ywa do kraju z zagranicy, a ile wyp\u0142ywa za granic\u0119. Wp\u0142ywy z zagranicy, to przede wszystkim przychody z eksportu towar\u00f3w i us\u0142ug, a tak\u017ce pieni\u0105dze z funduszy europejskich. Wyp\u0142ywy, to nasze wydatki na import oraz np. transfer zysk\u00f3w za granic\u0119 przez inwestor\u00f3w zagranicznych.Pierwsza nadwy\u017cka od 20 lat powoduje, \u017ce <strong>Polska staje si\u0119 bardziej zasobna. <\/strong><\/p>\n<p>&nbsp;<\/p>\n<hr \/>\n<p>udzia\u0142 Gazpromu w rynku gazu Unii wynosi ju\u017c 34% Dostawy zwi\u0119kszy\u0142y si\u0119 do 141,3 mld m3<\/p>\n<hr \/>\n<p>&#8211; Miar\u0105, kt\u00f3ra pokazuje, czy jeste\u015bmy przegrzani, czy nie, jest luka popytowa (Luka popytowa m\u00f3wi o tym, czy popyt w gospodarce przewy\u017csza jej mo\u017cliwo\u015bci wytw\u00f3rcze, czy nie. Jest ona r\u00f3wna r\u00f3\u017cnicy mi\u0119dzy rzeczywistym PKB a PKB potencjalnym, kt\u00f3ry mo\u017ce by\u0107 wytworzony przy normalnym wykorzystaniu mocy wytw\u00f3rczych, tzn. gdy maszyny pracuj\u0105 w normalnym trybie, a pracownicy nie pozostaj\u0105 w pracy w godzinach nadliczbowych) I tak naprawd\u0119 czekamy, \u017ceby ujemna luka si\u0119 domkn\u0119\u0142a. Jeste\u015bmy na etapie &#8222;odkuwania&#8221; kwarta\u0142\u00f3w wolniejszego wzrostu gospodarczego. Nie wida\u0107 w polskiej gospodarce nier\u00f3wnowag na wielu rynkach, poza rynkiem pracy. &#8211; W innych kwestiach, m.in. rynku nieruchomo\u015bci, rachunku obrot\u00f3w bie\u017c\u0105cych, nie widzimy nawet pomara\u0144czowych lampek, kt\u00f3re wskazywa\u0142yby na przegrzanie,<\/p>\n<hr \/>\n<p style=\"text-align: justify;\"><strong>Oil WTI, czyli West Texas Intermedaite<\/strong><br \/>\nRopa West Texas Intermediate, w skr\u00f3cie\u00a0<strong>Oil WTI<\/strong>, to jeden z trzech przyj\u0119tych na \u015bwiecie standard\u00f3w ropy naftowej, kt\u00f3rych ceny s\u0105 notowane na rynku surowc\u00f3w energetycznych, obok Brent oraz Ural. Ten rodzaj ropy naftowej produkowany jest zgodnie z nazw\u0105 w USA w stanie Texas. Cechy charakterystyczne\u00a0<strong>Oil WTI<\/strong>\u00a0to mi\u0119dzy innymi niski poziom zanieczyszcze\u0144, bardzo niska lepko\u015b\u0107, s\u0142odki zapach, niska zawarto\u015b\u0107 siarki (mniej ni\u017c 5%). Jest ona z tego wzgl\u0119du uwa\u017cana za rop\u0119 wysokogatunkow\u0105.<\/p>\n<p style=\"text-align: justify;\"><strong>Brent \u2013 s\u0142odki gatunek z Morza P\u00f3\u0142nocnego<\/strong><br \/>\nTen standard ropy naftowej jest najpowszechniej wykorzystywany na \u015bwiecie, poniewa\u017c stosuje si\u0119 przy wycenie oko\u0142o 2\/3 \u015bwiatowej produkcji surowca. Typowa ropa Brent, to s\u0142odki lekki gatunek wydobywany na platformach Morza P\u00f3\u0142nocnego. Mimo lekko\u015bci, w por\u00f3wnaniu do WTI, brent jest gatunkiem bardziej lepkim. Inne cechy charakterystyczne tego gatunku to mi\u0119dzy innymi znikoma zawarto\u015b\u0107 siarki i oczywi\u015bcie s\u0142odki zapach. Nazwa tego rodzaju ropy pochodzi od nazwy jednego z gatunk\u00f3w ptak\u00f3w wyst\u0119puj\u0105cych w okolicach platformy, w kt\u00f3rej rozpocz\u0119to jej wydobycie, co wi\u0105\u017c\u0119 si\u0119 z polityk\u0105 przyj\u0119t\u0105 przez firm\u0119 Shell.<\/p>\n<p style=\"text-align: justify;\"><strong>Russian Export Blend Crude Oil \u2013 Ural<\/strong><br \/>\nREBCO, znana r\u00f3wnie\u017c pod nazw\u0105 Ural, to rodzaj \u015bredniej lub ci\u0119\u017ckiej ropy naftowej o du\u017cej g\u0119sto\u015bci. Charakteryzuje si\u0119 ona ponadto do\u015b\u0107 nisk\u0105 zawarto\u015bci\u0105 siarki, 6% zawarto\u015bci\u0105 parafiny i s\u0142odkim zapachem. Ten rodzaj ropy wydobywany jest przede wszystkim na Syberii oraz w okolicach g\u00f3r Ural, od kt\u00f3rych zosta\u0142a zapo\u017cyczona nazwa surowca. Tego typu ropa jest rafinowana mi\u0119dzy innymi w polskich rafineriach.<\/p>\n<p style=\"text-align: justify;\"><strong>Ceny WTI, Brent oraz Ural \u2013 g\u0142\u00f3wne czynniki<\/strong><br \/>\nCeny ropy naftowej wyznacza si\u0119 za pomoc\u0105 warto\u015bci jednej bary\u0142ki wyra\u017conej w dolarach ameryka\u0144skich.\u00a0 Uzale\u017cnione s\u0105 od bardzo wielu z\u0142o\u017conych czynnik\u00f3w. Nale\u017cy tu wymieni\u0107 przede wszystkim aktualn\u0105 warto\u015b\u0107 poda\u017cy na \u015bwiatowym rynku i zgromadzone zapasy, zapotrzebowanie na paliwo \u2013 zw\u0142aszcza w krajach dynamicznie si\u0119 rozwijaj\u0105cych (g\u0142\u00f3wnie w Chinach), wydarzenia polityczne \u2013 czego klasycznym przyk\u0142adem by\u0142y dzia\u0142ania pa\u0144stw arabskich skierowane przeciwko Stanom Zjednoczonym i Izraelowi w 1973 roku, po kt\u00f3rych \u015bwiatowe ceny ropy na zawsze drastycznie wzros\u0142y. Dawniej du\u017c\u0105 rol\u0119 w kszta\u0142towaniu cen odgrywa\u0142a organizacja OPEC \u2013 zrzeszaj\u0105ca cz\u0119\u015b\u0107 spo\u015br\u00f3d najwa\u017cniejszych pa\u0144stw-eksporter\u00f3w surowca, jednak jej znaczenie i zdolno\u015b\u0107 wp\u0142ywu na \u015bwiatow\u0105 gospodark\u0119 systematyczne maleje.<br \/>\n(1 bary\u0142ka = 159 litr\u00f3w).<\/p>\n<p><img loading=\"lazy\" decoding=\"async\" class=\"aligncenter size-full\" src=\"http:\/\/infolupki.pgi.gov.pl\/sites\/default\/files\/zajawka\/bench1.jpg\" width=\"889\" height=\"461\" \/><\/p>\n<hr \/>\n<p>Sprawa nagr\u00f3d w EuRoPol Gazie ma pot\u0119\u017cny wymiar polityczny, bo to sp\u00f3\u0142ka, w kt\u00f3rej spotykaj\u0105 si\u0119 interesy polskiego PGNiG i rosyjskiego Gazpromu. Obie firmy maj\u0105 po 48 proc. udzia\u0142\u00f3w w EuRoPol Gazie, a pozosta\u0142e 4 proc. ma Gas-Trading, kontrolowany po\u015brednio przez PGNiG (w ubieg\u0142ym roku PGNiG przej\u0119\u0142o kontrol\u0119 od spadkobierc\u00f3w Aleksandra Gudzowatego). Sp\u00f3\u0142ka zarz\u0105dza polskim odcinkiem gazoci\u0105gu jamalskiego, kt\u00f3rym gaz p\u0142ynie ze Wschodu na zach\u00f3d Europy.<\/p>\n<hr \/>\n<p>Gdy podajemy dat\u0119, u\u017cywamy wyrazu <i class=\"lang-pl fldn-17 fldt-uwagi\">pa\u017adziernik<\/i> w dope\u0142niaczu, a nie w mianowniku, np. <i class=\"lang-pl fldn-17 fldt-uwagi\">pierwszy pa\u017adziernika<\/i>, nie <s class=\"lang-pl fldn-17 fldt-uwagi\">pierwszy pa\u017adziernik<\/s><\/p>\n<hr \/>\n","protected":false},"excerpt":{"rendered":"<p>kakofonia 1.\u00a0\u00abnieprzyjemnie brzmi\u0105ca mieszanina d\u017awi\u0119k\u00f3w\u00bb 2.\u00a0\u00abmieszanina form, kolor\u00f3w, tre\u015bci\u00a0itp.\u00bb fraternizacja\u00a0 \u00abbratanie si\u0119 z lud\u017ami\u00bb eklektyzm\u00a0 \u00abw sztuce, literaturze, filozofii lub badaniach naukowych: \u0142\u0105czenie w jedn\u0105 ca\u0142o\u015b\u0107 niejednorodnych element\u00f3w maj\u0105cych swe \u017ar\u00f3d\u0142o w r\u00f3\u017cnych stylach lub doktrynach\u00bb dandys \u00abm\u0119\u017cczyzna o wyszukanym sposobie ubierania si\u0119 i do\u015b\u0107 swobodnych obyczajach indyferencja\u00a0 \u00aboboj\u0119tno\u015b\u0107, bierno\u015b\u0107\u00bb inercja \u00abbierne poddawanie si\u0119 czemu\u015b\u00bb\u00a0 [&hellip;]<\/p>\n","protected":false},"author":1,"featured_media":0,"parent":504,"menu_order":0,"comment_status":"closed","ping_status":"closed","template":"page-templates\/full-width.php","meta":{"footnotes":""},"class_list":["post-930","page","type-page","status-publish","hentry"],"_links":{"self":[{"href":"https:\/\/quantum.modlitwy24.pl\/index.php?rest_route=\/wp\/v2\/pages\/930","targetHints":{"allow":["GET"]}}],"collection":[{"href":"https:\/\/quantum.modlitwy24.pl\/index.php?rest_route=\/wp\/v2\/pages"}],"about":[{"href":"https:\/\/quantum.modlitwy24.pl\/index.php?rest_route=\/wp\/v2\/types\/page"}],"author":[{"embeddable":true,"href":"https:\/\/quantum.modlitwy24.pl\/index.php?rest_route=\/wp\/v2\/users\/1"}],"replies":[{"embeddable":true,"href":"https:\/\/quantum.modlitwy24.pl\/index.php?rest_route=%2Fwp%2Fv2%2Fcomments&post=930"}],"version-history":[{"count":59,"href":"https:\/\/quantum.modlitwy24.pl\/index.php?rest_route=\/wp\/v2\/pages\/930\/revisions"}],"predecessor-version":[{"id":2122,"href":"https:\/\/quantum.modlitwy24.pl\/index.php?rest_route=\/wp\/v2\/pages\/930\/revisions\/2122"}],"up":[{"embeddable":true,"href":"https:\/\/quantum.modlitwy24.pl\/index.php?rest_route=\/wp\/v2\/pages\/504"}],"wp:attachment":[{"href":"https:\/\/quantum.modlitwy24.pl\/index.php?rest_route=%2Fwp%2Fv2%2Fmedia&parent=930"}],"curies":[{"name":"wp","href":"https:\/\/api.w.org\/{rel}","templated":true}]}}