{"id":923,"date":"2017-06-27T09:27:42","date_gmt":"2017-06-27T07:27:42","guid":{"rendered":"http:\/\/rodzina.pastorbonus.pl\/?page_id=923"},"modified":"2017-09-25T09:42:56","modified_gmt":"2017-09-25T07:42:56","slug":"rady-nadzorcze-2","status":"publish","type":"page","link":"https:\/\/quantum.modlitwy24.pl\/?page_id=923","title":{"rendered":"Rady nadzorcze"},"content":{"rendered":"<p style=\"text-align: left;\"><span style=\"font-size: 12pt;\">Przy jakich poziomach wi\u0119kszo\u015bci g\u0142os\u00f3w Walne Zgromadzenie podejmuje uchwa\u0142y i w jakich sprawach<\/span><\/p>\n<p style=\"text-align: center;\"><span style=\"font-size: 14pt;\"><strong>S.A.<\/strong><\/span><\/p>\n<p><strong>Wi\u0119kszo\u015b\u0107 bezwzgl\u0119dna:<\/strong><br \/>\nuchwa\u0142y walnego zgromadzenia zapadaj\u0105 bezwzgl\u0119dn\u0105 wi\u0119kszo\u015bci\u0105 g\u0142os\u00f3w, chyba \u017ce statut stanowi inaczej<\/p>\n<p><span style=\"color: #008000;\"><strong>Wi\u0119kszo\u015b\u0107 kwalifikowana 2\/3 g\u0142os\u00f3w (mniej):<\/strong><\/span><br \/>\n<span style=\"color: #008000;\">&#8211; udzielenie zgody na zawarcie umowy o nabycie dla sp\u00f3\u0142ki mienia za cen\u0119 przewy\u017cszaj\u0105c\u0105 1\/10 wp\u0142aconego kapita\u0142u zak\u0142adowego<\/span><br \/>\n<span style=\"color: #008000;\">&#8211; istotna zmiana dzia\u0142alno\u015bci sp\u00f3\u0142ki<\/span><br \/>\n<span style=\"color: #008000;\">&#8211; przekszta\u0142cenie w sp\u00f3\u0142k\u0119 osobow\u0105<\/span><\/p>\n<p><span style=\"color: #ff0000;\"><strong>Wi\u0119kszo\u015b\u0107 kwalifikowana 3\/4 g\u0142os\u00f3w (wi\u0119cej):<\/strong><\/span><br \/>\n<span style=\"color: #ff0000;\">&#8211; zmiana statutu<\/span><br \/>\n<span style=\"color: #ff0000;\">&#8211; zbycie przedsi\u0119biorstwa albo zorganizowanej jego cz\u0119\u015bci<\/span><br \/>\n<span style=\"color: #ff0000;\">&#8211; emisja obligacji zamiennych i obligacji z prawem pierwsze\u0144stwa obj\u0119cia akcji<\/span><br \/>\n<span style=\"color: #ff0000;\">&#8211; po\u0142\u0105czenia sp\u00f3\u0142ek kapita\u0142owych, podzia\u0142 sp\u00f3\u0142ki<\/span><br \/>\n<span style=\"color: #ff0000;\">&#8211; przekszta\u0142cenie w sp. z o.o. (+kworum 1\/2 KZ)<\/span><br \/>\n<span style=\"color: #ff0000;\">&#8211; umorzenie akcji, obni\u017cenie KZ<\/span><br \/>\n<span style=\"color: #ff0000;\">&#8211; rozwi\u0105zanie sp\u00f3\u0142ki<\/span><br \/>\n<span style=\"color: #ff0000;\">&#8211; emisja nowych akcji w celu podwy\u017cszenia KZ (bo wymaga zmiany statutu)<\/span><\/p>\n<p><strong>Wi\u0119kszo\u015b\u0107 Kwalifikowana 4\/5 g\u0142os\u00f3w:<\/strong><br \/>\n&#8211; uchwa\u0142a pozbawiaj\u0105ca dotychczasowych akcjonariuszy prawa poboru akcji (+szczeg\u00f3\u0142owe umotywowanie)<\/p>\n<p><b>Jednomy\u015blno\u015b\u0107:<\/b><br \/>\n&#8211; zmiana umowy za\u0142o\u017cycielskiej lub statutu, dokonana przed zarejestrowaniem sp\u00f3\u0142ki<\/p>\n<p style=\"text-align: center;\"><span style=\"font-size: 14pt;\"><strong>SP. Z O.O.<br \/>\n<\/strong><\/span><\/p>\n<p style=\"text-align: left;\"><strong>1.Uchwa\u0142y zapadaj\u0105 zapadaj\u0105 bezwzgl\u0119dna wi\u0119kszo\u015bci\u0105 g\u0142os\u00f3w<\/strong><\/p>\n<p><span style=\"color: #008000;\"><strong>2. Wi\u0119kszo\u015b\u0107 kwalifikowana 2\/3 g\u0142os\u00f3w:<\/strong><\/span><br \/>\n<span style=\"color: #008000;\">&#8211; zmiana umowy sp\u00f3\u0142ki<\/span><br \/>\n<span style=\"color: #008000;\">&#8211; rozwi\u0105zanie sp\u00f3\u0142ki<\/span><br \/>\n<span style=\"color: #008000;\">&#8211; zbycie przedsi\u0119biorstwa albo zorganizowanej jego cz\u0119\u015bci<\/span><\/p>\n<p><span style=\"color: #ff0000;\"><strong>3. Wi\u0119kszo\u015b\u0107 kwalifikowana 3\/4 g\u0142os\u00f3w (wi\u0119cej):<br \/>\n<\/strong>&#8211; istotna zmiana dzia\u0142alno\u015bci sp\u00f3\u0142ki<\/span><strong><br \/>\n<\/strong><\/p>\n<hr \/>\n<p>Podnosz\u0105c\u0105 warto\u015b\u0107 nominaln\u0105 papier\u00f3w sp\u00f3\u0142ki z\u00a010, do 10,25 z\u0142. Operacja zostanie sfinansowana poprzez przeniesienie 467 mln z\u0142 z\u00a0kapita\u0142u zapasowego na kapita\u0142 zak\u0142adowy. Od ca\u0142ej operacji fiskus ma otrzyma\u0107 19-proc. podatek, czyli ok. 100 mln z\u0142.<br \/>\nKapita\u0142 zapasowy sp\u00f3\u0142ek stanowi\u0105 przede wszystkim niewyp\u0142acone zyski z\u00a0lat poprzednich. Naturalnym sposobem ich dystrybucji jest wyp\u0142ata dywidendy. Ale wtedy pieni\u0105dze otrzymuj\u0105 wszyscy akcjonariusze, proporcjonalnie do posiadanych udzia\u0142\u00f3w. Podatek natomiast trafia tylko do jednego z\u00a0nich &#8211; Skarbu Pa\u0144stwa.<br \/>\n<strong>W sp\u00f3\u0142ce akcyjnej powinno si\u0119 przeznacza\u0107 na kapita\u0142 zapasowy co najmniej 8% zysku za dany rok obrotowy<\/strong>, dop\u00f3ki kapita\u0142 ten nie osi\u0105gnie co najmniej jednej trzeciej kapita\u0142u zak\u0142adowego.<\/p>\n<p><strong>Zmiany kapita\u0142u zapasowego na pocz\u0105tek okresu rozliczeniowego:<\/strong><\/p>\n<p><strong>Zwi\u0119kszenie (z tytu\u0142u):<\/strong><br \/>\n&#8211; emisji akcji powy\u017cej warto\u015bci nominalnej,<br \/>\n&#8211; podzia\u0142u zysku (ustawowo),<br \/>\n&#8211; podzia\u0142u zysku (ponad wymagan\u0105 ustawowo minimaln\u0105 warto\u015b\u0107),<\/p>\n<p><strong>Zmniejszenie (z tytu\u0142u):<\/strong><br \/>\n&#8211; pokrycia straty,<br \/>\n&#8211; zwi\u0119kszenia kapita\u0142u zak\u0142adowego,<br \/>\n&#8211; koszty emisji akcji podczas powstania sp\u00f3\u0142ki,<br \/>\n&#8211; koszty organizacyjne zwi\u0105zane z po\u0142\u0105czeniem lub przej\u0119ciem sp\u00f3\u0142ki.<\/p>\n<p><span style=\"font-size: 12pt;\"><strong>K<\/strong><strong><span style=\"font-size: 12pt;\">a<\/span>pita\u0142y rezerwowe<\/strong><\/span><br \/>\nKapita\u0142y rezerwowe to inne kapita\u0142y przewidziane statutem sp\u00f3\u0142ki akcyjnej przeznaczone na pokrycie szczeg\u00f3lnych strat lub wydatk\u00f3w.<\/p>\n<hr \/>\n<p><strong>W sp\u00f3\u0142ce z ograniczon\u0105 odpowiedzialno\u015bci\u0105 zbycie udzia\u0142u lub jego zastawienie powinno by\u0107 dokonane:<\/strong><br \/>\na) w formie pisemnej z podpisami notarialnie po\u015bwiadczonymi,<\/p>\n<p><strong>Prawo do wniesienia pow\u00f3dztwa o stwierdzenie niewa\u017cno\u015bci uchwa\u0142y wsp\u00f3lnik\u00f3w przys\u0142uguje:<\/strong><br \/>\na) w przypadku uchwa\u0142y wsp\u00f3lnik\u00f3w sprzecznej z ustaw\u0105,<br \/>\nb) poszczeg\u00f3lnym cz\u0142onkom rady nadzorczej,<br \/>\nc) w terminie sze\u015bciu miesi\u0119cy od dnia otrzymania wiadomo\u015bci o uchwale,<br \/>\nd) nie p\u00f3\u017aniej ni\u017c w terminie trzech lat od dnia powzi\u0119cia uchwa\u0142y.<\/p>\n<p><strong>Uchwa\u0142a o obni\u017ceniu kapita\u0142u zak\u0142adowego nie mo\u017ce by\u0107 zg\u0142oszona do s\u0105du rejestrowego:<\/strong><br \/>\nd) po up\u0142ywie sze\u015bciu miesi\u0119cy od dnia jej powzi\u0119cia.<\/p>\n<p><strong>W sp\u00f3\u0142ce, w kt\u00f3rej ponad po\u0142owa akcji\/udzia\u0142\u00f3w nale\u017cy do Skarbu Pa\u0144stwa nie b\u0119d\u0105cej jednoosobow\u0105 sp\u00f3\u0142k\u0105 o szczeg\u00f3lnym znaczeniu dla gospodarki pa\u0144stwa, post\u0119powanie kwalifikacyjne jest obligatoryjne, w celu powo\u0142ania:<\/strong><br \/>\nb) cz\u0142onka zarz\u0105du odpowiedzialnego za sprawy produkcji,<br \/>\nd) cz\u0142onka zarz\u0105du odpowiedzialnego za sprzeda\u017c i marketing.<\/p>\n<p><strong>W umowie mi\u0119dzy sp\u00f3\u0142k\u0105 a cz\u0142onkiem zarz\u0105du oraz w sporze z nim sp\u00f3\u0142k\u0119 mo\u017ce reprezentowa\u0107:<\/strong><br \/>\nb) rada nadzorcza,<br \/>\nc) pe\u0142nomocnik powo\u0142any uchwa\u0142\u0105 wsp\u00f3lnik\u00f3w,<\/p>\n<p><strong>Notyfikacji podlegaj\u0105:<\/strong><br \/>\na) projekty pomocy indywidualnej,<br \/>\nb) projekty program\u00f3w pomocowych,<br \/>\nd) projekty pomocy na restrukturyzacj\u0119.<\/p>\n<p><strong>W sp\u00f3\u0142ce akcyjnej w umowie mi\u0119dzy sp\u00f3\u0142k\u0105 a cz\u0142onkiem zarz\u0105du, jak r\u00f3wnie\u017c w sporze z nim sp\u00f3\u0142k\u0119 reprezentuje:<\/strong><br \/>\nc) rada nadzorcza albo pe\u0142nomocnik powo\u0142any uchwa\u0142\u0105 walnego zgromadzenia,<\/p>\n<p><strong>Pe\u0142nomocnikiem na walnym zgromadzeniu sp\u00f3\u0142ki niepublicznej nie mo\u017ce by\u0107:<\/strong><br \/>\na) zatrudniony w sp\u00f3\u0142ce radca prawny,<br \/>\nb) cz\u0142onek zarz\u0105du,<\/p>\n","protected":false},"excerpt":{"rendered":"<p>Przy jakich poziomach wi\u0119kszo\u015bci g\u0142os\u00f3w Walne Zgromadzenie podejmuje uchwa\u0142y i w jakich sprawach S.A. Wi\u0119kszo\u015b\u0107 bezwzgl\u0119dna: uchwa\u0142y walnego zgromadzenia zapadaj\u0105 bezwzgl\u0119dn\u0105 wi\u0119kszo\u015bci\u0105 g\u0142os\u00f3w, chyba \u017ce statut stanowi inaczej Wi\u0119kszo\u015b\u0107 kwalifikowana 2\/3 g\u0142os\u00f3w (mniej): &#8211; udzielenie zgody na zawarcie umowy o nabycie dla sp\u00f3\u0142ki mienia za cen\u0119 przewy\u017cszaj\u0105c\u0105 1\/10 wp\u0142aconego kapita\u0142u zak\u0142adowego &#8211; istotna zmiana dzia\u0142alno\u015bci [&hellip;]<\/p>\n","protected":false},"author":1,"featured_media":0,"parent":0,"menu_order":0,"comment_status":"closed","ping_status":"closed","template":"page-templates\/full-width.php","meta":{"footnotes":""},"class_list":["post-923","page","type-page","status-publish","hentry"],"_links":{"self":[{"href":"https:\/\/quantum.modlitwy24.pl\/index.php?rest_route=\/wp\/v2\/pages\/923","targetHints":{"allow":["GET"]}}],"collection":[{"href":"https:\/\/quantum.modlitwy24.pl\/index.php?rest_route=\/wp\/v2\/pages"}],"about":[{"href":"https:\/\/quantum.modlitwy24.pl\/index.php?rest_route=\/wp\/v2\/types\/page"}],"author":[{"embeddable":true,"href":"https:\/\/quantum.modlitwy24.pl\/index.php?rest_route=\/wp\/v2\/users\/1"}],"replies":[{"embeddable":true,"href":"https:\/\/quantum.modlitwy24.pl\/index.php?rest_route=%2Fwp%2Fv2%2Fcomments&post=923"}],"version-history":[{"count":8,"href":"https:\/\/quantum.modlitwy24.pl\/index.php?rest_route=\/wp\/v2\/pages\/923\/revisions"}],"predecessor-version":[{"id":1005,"href":"https:\/\/quantum.modlitwy24.pl\/index.php?rest_route=\/wp\/v2\/pages\/923\/revisions\/1005"}],"wp:attachment":[{"href":"https:\/\/quantum.modlitwy24.pl\/index.php?rest_route=%2Fwp%2Fv2%2Fmedia&parent=923"}],"curies":[{"name":"wp","href":"https:\/\/api.w.org\/{rel}","templated":true}]}}