{"id":770,"date":"2017-03-29T21:01:16","date_gmt":"2017-03-29T19:01:16","guid":{"rendered":"http:\/\/rodzina.pastorbonus.pl\/?page_id=770"},"modified":"2024-03-24T22:00:25","modified_gmt":"2024-03-24T21:00:25","slug":"memory","status":"publish","type":"page","link":"https:\/\/quantum.modlitwy24.pl\/?page_id=770","title":{"rendered":"M\/zagadki"},"content":{"rendered":"<h3 class=\"formitem_text\">Piotr ma siedem c\u00f3rek. Ka\u017cda z jego c\u00f3rek ma jednego brata. Ile jest dzieci?<br \/>\n8<\/h3>\n<h3 class=\"formitem_text\">Ile czw\u00f3rek znajdziemy w liczbach od 0 do 100?<br \/>\n20<\/h3>\n<h3 class=\"formitem_text\">W pude\u0142ku mamy po 10 kul: \u017c\u00f3\u0142tych, zielonych, niebieskich. Si\u0119gamy po nie losowo. Ile kul trzeba wyci\u0105gn\u0105\u0107, by mie\u0107 pewno\u015b\u0107, \u017ce trafi\u0142o si\u0119 na dwie \u017c\u00f3\u0142te kule?<br \/>\n22<\/h3>\n<p><strong>Mama Kasi ma pi\u0119\u0107 c\u00f3rek. Je\u015bli imiona jej c\u00f3rek to odpowiednio Klara, Karolina, Klaudia, Kinga, to jakie b\u0119dzie imi\u0119 pi\u0105tej c\u00f3rki?<\/strong><br \/>\nJe\u015bli mama Kasi ma pi\u0119\u0107 c\u00f3rek, a ich imiona wymieniono wy\u017cej, to znaczy, \u017ce pi\u0105t\u0105 c\u00f3rk\u0105 jest w\u0142a\u015bnie Kasia.<\/p>\n<p><strong>Krowa sta\u0142a na granicy czesko-francuskiej. Do kt\u00f3rego pa\u0144stwa nale\u017cy?<\/strong><\/p>\n<p><strong>Parys mia\u0142 w koszu 3 jab\u0142ka, kt\u00f3re rozda\u0142 3 boginiom tak, \u017ce ka\u017cda z nich dosta\u0142a jedno jab\u0142ko, ale jedno jab\u0142ko zosta\u0142o w koszyku. Jak to mo\u017cliwe?<\/strong><\/p>\n<p><strong>Zawsze przyjdzie, ale nigdy nie przyjdzie dzisiaj. Co to takiego?<br \/>\n<\/strong> JUTRO<\/p>\n<p><strong>Gdzie czwartek jest przed \u015brod\u0105?<br \/>\n<\/strong>w s\u0142owniku<strong><br \/>\n<\/strong><\/p>\n<p>W pokoju s\u0105 4 k\u0105ty i kilka kot\u00f3w. Ka\u017cdy z kot\u00f3w widzi pozosta\u0142e koty w trzech pozosta\u0142ych k\u0105tach pokoju. Ile jest kot\u00f3w?<\/p>\n<p><strong>Co jest ci\u0119\u017csze: tona pi\u00f3r czy tona \u017celaza?<br \/>\n<\/strong>Pi\u00f3ra i \u017celazo w tym przypadku wa\u017c\u0105 tyle samo, czyli ton\u0119.\u00a0<strong><br \/>\n<\/strong><\/p>\n<p><strong>W rodzinie jest pi\u0119ciu braci. Ka\u017cdy z nich ma jedn\u0105 siostr\u0119. Ile rodze\u0144stwa jest w sumie w tej rodzinie?<br \/>\n<\/strong> 6<\/p>\n<p><strong>Ile razy mo\u017cna odj\u0105\u0107 1 od 100? Ile razy mo\u017cesz odj\u0105\u0107 1 od 100?<\/strong><br \/>\nJeden raz, potem b\u0119dziesz ju\u017c odejmowa\u0142 1 od 99, 98 i tak dalej.<\/p>\n<div class=\"pt4\"><\/div>\n<div class=\"text-center zagadka_251458_3\">\n<div class=\"zagadka_pytanie pd1\">\n<p><strong>Co jest tak delikatnego i kruchego, \u017ce nawet wypowiedzenie jego nazwy, to przerywa?<br \/>\n<\/strong>Cisza<\/p>\n<\/div>\n<\/div>\n<p><strong>Co stanie si\u0119 o po\u0142ow\u0119 wi\u0119ksze gdy postawimy to do g\u00f3ry nogami?<br \/>\n<\/strong>cyfra 6<strong><br \/>\n<\/strong><\/p>\n<p><strong>Je\u015bli powiesz mnie dobrze, b\u0119dzie \u017ale. Je\u015bli powiesz mnie \u017ale, b\u0119dzie dobrze. Jakim jestem s\u0142owem?<br \/>\n<\/strong>\u017ale<\/p>\n<ol>\n<li><strong>Kij<\/strong><\/li>\n<li><strong>\u0141ab\u0119d\u017a<\/strong><\/li>\n<li><strong>Serce<\/strong><\/li>\n<li><strong>Krzes\u0142o<\/strong><\/li>\n<li><strong>Bebenek<\/strong><\/li>\n<li><strong>Diabe\u0142ek<\/strong><\/li>\n<li><strong>Statek<\/strong><\/li>\n<li><strong>Ba\u0142wan<\/strong><\/li>\n<li><strong>Balon na nitce<\/strong><\/li>\n<li><strong>Pole<\/strong><\/li>\n<li><strong>Pszczo\u0142a<\/strong><\/li>\n<li><strong>Naga kobieta<\/strong><\/li>\n<li><strong>Templariusz<\/strong><\/li>\n<li><strong>Kajfasz \/ Faryzeusz<\/strong><\/li>\n<li><strong>\u015aw. Miko\u0142aj<\/strong><\/li>\n<li><strong>Ksi\u0105dz<\/strong><\/li>\n<li><strong>Mnich<\/strong><\/li>\n<li><strong>Archanio\u0142 (Heroes 3)<\/strong><\/li>\n<li><strong>Duszek<\/strong><\/li>\n<li>Napoleon<\/li>\n<li>Biznesmen (facet w garniturze)<\/li>\n<li>J\u00f3zef Pi\u0142sudski<\/li>\n<li>Butelka wody<\/li>\n<li>Albert Einstein<\/li>\n<li>SS-man<\/li>\n<li>Lech Wa\u0142\u0119sa<\/li>\n<li>IRON MAN<\/li>\n<li>Steve Jobs<\/li>\n<li>Donald Trump<\/li>\n<li><strong>Superman<\/strong><\/li>\n<li><strong>Batman<\/strong><\/li>\n<li><strong>Spiederman<\/strong><\/li>\n<li><strong>Punisher<\/strong><\/li>\n<li><strong>Wolverine<\/strong><\/li>\n<li><strong>Mistrz Yoda\/Jedi<\/strong><\/li>\n<li><strong>Aquaman<\/strong><\/li>\n<li><strong>Capitan America<\/strong><\/li>\n<li><strong>Optimus Prime<\/strong><\/li>\n<li><strong>Hulk<\/strong><\/li>\n<li><strong>Stra\u017cak<\/strong><\/li>\n<li><strong>Policjant<\/strong><\/li>\n<li><strong>\u017bo\u0142nierz<\/strong><\/li>\n<li><strong>Lekarz<\/strong><\/li>\n<li><strong>Pilot<\/strong><\/li>\n<li><strong>Mechanik<\/strong><\/li>\n<li><strong>Kucharz<\/strong><\/li>\n<li><strong>G\u00f3rnik<\/strong><\/li>\n<li><strong>S\u0119dzia<\/strong><\/li>\n<li><strong>Astronauta<\/strong><\/li>\n<li>Ronaldo<\/li>\n<li>Messi<\/li>\n<li>Bokser<\/li>\n<li>Czajnik<\/li>\n<li>Pep Guardiola<\/li>\n<li>Koszykarz (Michael Jordan)<\/li>\n<li>Skoczek narciarski<\/li>\n<li>Kierowca F1<\/li>\n<li>Usain Bolt<\/li>\n<li>Pudzian<\/li>\n<li>Indiana Jones<\/li>\n<li>Pi\u0142ka<\/li>\n<li>Pistolet<\/li>\n<li>Czo\u0142g<\/li>\n<li>Patelnia<\/li>\n<li>Zaci\u015bni\u0119ta pi\u0119\u015b\u0107<\/li>\n<li>Kowboj<\/li>\n<li>Mell Gibson (Braveheart)<\/li>\n<li>Neo (MATRIX)<\/li>\n<li>Dwayne Johnson<\/li>\n<li>Lew<\/li>\n<li>Orze\u0142<\/li>\n<li>\u017byrafa<\/li>\n<li>Krokodyl<\/li>\n<li>Goryl<\/li>\n<li>Zebra<\/li>\n<li>Ko\u0144<\/li>\n<li>S\u0142o\u0144<\/li>\n<li>Pies<\/li>\n<li>Nied\u017awied\u017a<\/li>\n<li>Szatan Serduszko<\/li>\n<li>Gohan\/Goku\/Vegeta<\/li>\n<li>Kubu\u015b Puchatek<\/li>\n<li>Tygrysek<\/li>\n<li>Kaczor Donald<\/li>\n<li>Papa Smerf<\/li>\n<li>Muminek<\/li>\n<li>W\u0142\u00f3czykij<\/li>\n<li>Myszka Miki<\/li>\n<li>Elsa<\/li>\n<li>Zaelot (Starcraft)<\/li>\n<li>Marines, Jim Raynor<\/li>\n<li>Hydralisk<\/li>\n<li>Kerrigan<\/li>\n<li>Lara Croft<\/li>\n<li>Orc\/ Warcraft III<\/li>\n<li>Assasin Creed<\/li>\n<li>Karateka, Ryu\/ Street Fighter<\/li>\n<li>Ninja<\/li>\n<li>Pikatchu<\/li>\n<li>Joker<\/li>\n<\/ol>\n<p><span style=\"color: #ff0000;\"><strong>100 &#8211; 199 &#8211; na rolkach<\/strong><\/span><br \/>\n<span style=\"color: #ff0000;\"><strong>200 &#8211; 299 &#8211; na rowerze<\/strong><\/span><br \/>\n<span style=\"color: #ff0000;\"><strong>300 &#8211; 399 &#8211; na koniu<\/strong><\/span><br \/>\n<span style=\"color: #ff0000;\"><strong>400 &#8211; 499 &#8211; na motorze<\/strong><\/span><br \/>\n<span style=\"color: #ff0000;\"><strong>500 &#8211; 599 &#8211; w samochodzie<\/strong><\/span><br \/>\n<span style=\"color: #ff0000;\"><strong>600 &#8211; 699 &#8211; na statku\/okr\u0119cie<\/strong><\/span><br \/>\n<span style=\"color: #ff0000;\"><strong>700 &#8211; 799 &#8211; w poci\u0105gu<\/strong><\/span><br \/>\n<span style=\"color: #ff0000;\"><strong>800 &#8211; 899 &#8211; w samolocie<\/strong><\/span><br \/>\n<span style=\"color: #ff0000;\"><strong>900 &#8211; 999 &#8211; w rakiecie<\/strong><\/span><\/p>\n<p>&nbsp;<\/p>\n<p>&nbsp;<\/p>\n","protected":false},"excerpt":{"rendered":"<p>Piotr ma siedem c\u00f3rek. Ka\u017cda z jego c\u00f3rek ma jednego brata. Ile jest dzieci? 8 Ile czw\u00f3rek znajdziemy w liczbach od 0 do 100? 20 W pude\u0142ku mamy po 10 kul: \u017c\u00f3\u0142tych, zielonych, niebieskich. Si\u0119gamy po nie losowo. Ile kul trzeba wyci\u0105gn\u0105\u0107, by mie\u0107 pewno\u015b\u0107, \u017ce trafi\u0142o si\u0119 na dwie \u017c\u00f3\u0142te kule? 22 Mama Kasi [&hellip;]<\/p>\n","protected":false},"author":1,"featured_media":0,"parent":0,"menu_order":0,"comment_status":"closed","ping_status":"closed","template":"page-templates\/full-width.php","meta":{"footnotes":""},"class_list":["post-770","page","type-page","status-publish","hentry"],"_links":{"self":[{"href":"https:\/\/quantum.modlitwy24.pl\/index.php?rest_route=\/wp\/v2\/pages\/770","targetHints":{"allow":["GET"]}}],"collection":[{"href":"https:\/\/quantum.modlitwy24.pl\/index.php?rest_route=\/wp\/v2\/pages"}],"about":[{"href":"https:\/\/quantum.modlitwy24.pl\/index.php?rest_route=\/wp\/v2\/types\/page"}],"author":[{"embeddable":true,"href":"https:\/\/quantum.modlitwy24.pl\/index.php?rest_route=\/wp\/v2\/users\/1"}],"replies":[{"embeddable":true,"href":"https:\/\/quantum.modlitwy24.pl\/index.php?rest_route=%2Fwp%2Fv2%2Fcomments&post=770"}],"version-history":[{"count":35,"href":"https:\/\/quantum.modlitwy24.pl\/index.php?rest_route=\/wp\/v2\/pages\/770\/revisions"}],"predecessor-version":[{"id":2008,"href":"https:\/\/quantum.modlitwy24.pl\/index.php?rest_route=\/wp\/v2\/pages\/770\/revisions\/2008"}],"wp:attachment":[{"href":"https:\/\/quantum.modlitwy24.pl\/index.php?rest_route=%2Fwp%2Fv2%2Fmedia&parent=770"}],"curies":[{"name":"wp","href":"https:\/\/api.w.org\/{rel}","templated":true}]}}