{"id":1986,"date":"2024-02-14T22:27:03","date_gmt":"2024-02-14T21:27:03","guid":{"rendered":"http:\/\/quantum.modlitwy24.pl\/?page_id=1986"},"modified":"2024-06-11T11:53:05","modified_gmt":"2024-06-11T09:53:05","slug":"filokalia","status":"publish","type":"page","link":"https:\/\/quantum.modlitwy24.pl\/?page_id=1986","title":{"rendered":"Filokalia"},"content":{"rendered":"\n<div class=\"sp-wrap sp-wrap-default\">\n<div class=\"sp-head\" title=\"Expand\">\nGrzesznicy\n<\/div>\n<div class=\"sp-body folded\">\n<p>\n<span class=\"TextRun SCXW173120160 BCX0\" lang=\"PL-PL\" xml:lang=\"PL-PL\" data-contrast=\"auto\"><span class=\"NormalTextRun SCXW173120160 BCX0\">Abraham wypar\u0142 si\u0119 \u017cony odprawi\u0142 j\u0105 do haremu. <\/span><\/span><span class=\"LineBreakBlob BlobObject DragDrop SCXW173120160 BCX0\"><span class=\"SCXW173120160 BCX0\">\u00a0<\/span><br class=\"SCXW173120160 BCX0\" \/><\/span><span class=\"TextRun SCXW173120160 BCX0\" lang=\"PL-PL\" xml:lang=\"PL-PL\" data-contrast=\"auto\"><span class=\"NormalTextRun SCXW173120160 BCX0\">Dawid Cudzo\u0142o\u017cy\u0142 i mordowa\u0142 <\/span><\/span><span class=\"LineBreakBlob BlobObject DragDrop SCXW173120160 BCX0\"><span class=\"SCXW173120160 BCX0\">\u00a0(zabi\u0142 Uriasza i wzi\u0105\u0142 za \u017con\u0119 Batszeb\u0119)<\/span><br class=\"SCXW173120160 BCX0\" \/><\/span><span class=\"TextRun SCXW173120160 BCX0\" lang=\"PL-PL\" xml:lang=\"PL-PL\" data-contrast=\"auto\"><span class=\"NormalTextRun SCXW173120160 BCX0\">Piotr nic mu nie wysz\u0142o <\/span><\/span><span class=\"LineBreakBlob BlobObject DragDrop SCXW173120160 BCX0\"><span class=\"SCXW173120160 BCX0\">\u00a0<\/span><br class=\"SCXW173120160 BCX0\" \/><\/span><span class=\"TextRun SCXW173120160 BCX0\" lang=\"PL-PL\" xml:lang=\"PL-PL\" data-contrast=\"auto\"><span class=\"NormalTextRun SCXW173120160 BCX0\">\u015awi\u0119ty Pawe\u0142, to jest Mistrz, by\u0142em gorliwym, <\/span><span class=\"NormalTextRun SCXW173120160 BCX0\">prze\u015bciga\u0142em<\/span><span class=\"NormalTextRun SCXW173120160 BCX0\"> innych, ale wszystko to uznaje za strat\u0119, <\/span><\/span><\/p>\n<div class=\"css-1biibxe\">\u015aw. Augustyn z Hippony<\/div>\n<div class=\"css-cmyumk\">Mimo \u017ce wychowany przez g\u0142\u0119boko wierz\u0105c\u0105 matk\u0119, hojnie korzysta\u0142 z \u017cycia i b\u0142\u0105dzi\u0142 te\u017c, je\u015bli chodzi o doktryn\u0119 (przez pewien czas by\u0142 wyznawc\u0105 jednej z sekt). Przez kilka lat \u017cy\u0142 w konkubinacie ze swoj\u0105 niewolnic\u0105 i mia\u0142 z ni\u0105 nawet syna. Nawr\u00f3ci\u0142 si\u0119 pod wp\u0142ywem kaza\u0144 \u015bw. Ambro\u017cego. W swojej autobiografii zapisa\u0142 potem poruszaj\u0105ce zdanie: \u201eZbyt p\u00f3\u017ano umi\u0142owa\u0142em Ci\u0119, o Mi\u0142o\u015bci tak dawna i tak nowa\u201d. Zosta\u0142 biskupem Hippony i jest jednym z najwi\u0119kszych teolog\u00f3w w dziejach Ko\u015bcio\u0142a<\/div>\n<p>\n<div class=\"spdiv\">[collapse]<\/div>\n<\/div>\n<\/div>\n\n<p>&nbsp;<\/p>\n<p><strong>Pewien brat powiedzia\u0142 do Abba Antoniego &#8222;M\u00f3dl si\u0119 za mnie&#8221;. A starzec mu odrzek\u0142 &#8222;ani ja si\u0119 nad Tob\u0105 nie zlituj\u0119 ani B\u00f3g, je\u015bli ty sam nie zdob\u0119dziesz si\u0119 na gorliw\u0105 modlitw\u0119&#8221;<\/strong><br \/>\n&#8212; \u015bw. Antoni Pustelnik<\/p>\n<p>Rzek\u0142 starzec: <strong>&#8222;Nie zaczynaj nic robi\u0107, zanim serca swojego nie zapytasz, czy Bo\u017cym dzie\u0142em jest to, co chcesz robi\u0107&#8221;<\/strong><br \/>\n(N 103).<\/p>\n<p>Kto\u015b pyta\u0142 starca: <strong>&#8222;Jak znajd\u0119 Boga?&#8221;<\/strong> On rzek\u0142: &#8222;<strong>Przez post, przez czuwanie, przez ja\u0142mu\u017cn\u0119, a przede wszystkim przez rozs\u0105dek. Bo powiadam ci, \u017ce wielu umartwia\u0142o swe cia\u0142a nierozumnie, tote\u017c odeszli bezowocnie z pr\u00f3\u017cnymi r\u0119kami. Usta nam cuchn\u0105 od postu, Pismo \u015awi\u0119te znamy na pami\u0119\u0107, ca\u0142ego Dawida umiemy &#8211; ale tego, czego B\u00f3g szuka, nie mamy: mi\u0142o\u015bci i pokory&#8221;<\/strong><br \/>\n(N 222).<\/p>\n<p><strong>Cz\u0142owiek powinien my\u015ble\u0107 o tym, ze umrze jeszcze dzi\u015b, ale swoje cia\u0142o powinien traktowa\u0107 tak jakby mia\u0142 jeszcze \u017cy\u0107 100 lat<\/strong><br \/>\n&#8212; \u015bw. Makary Wielki<\/p>\n","protected":false},"excerpt":{"rendered":"<p>&nbsp; Pewien brat powiedzia\u0142 do Abba Antoniego &#8222;M\u00f3dl si\u0119 za mnie&#8221;. A starzec mu odrzek\u0142 &#8222;ani ja si\u0119 nad Tob\u0105 nie zlituj\u0119 ani B\u00f3g, je\u015bli ty sam nie zdob\u0119dziesz si\u0119 na gorliw\u0105 modlitw\u0119&#8221; &#8212; \u015bw. Antoni Pustelnik Rzek\u0142 starzec: &#8222;Nie zaczynaj nic robi\u0107, zanim serca swojego nie zapytasz, czy Bo\u017cym dzie\u0142em jest to, co chcesz [&hellip;]<\/p>\n","protected":false},"author":1,"featured_media":0,"parent":1657,"menu_order":0,"comment_status":"closed","ping_status":"closed","template":"page-templates\/full-width.php","meta":{"footnotes":""},"class_list":["post-1986","page","type-page","status-publish","hentry"],"_links":{"self":[{"href":"https:\/\/quantum.modlitwy24.pl\/index.php?rest_route=\/wp\/v2\/pages\/1986","targetHints":{"allow":["GET"]}}],"collection":[{"href":"https:\/\/quantum.modlitwy24.pl\/index.php?rest_route=\/wp\/v2\/pages"}],"about":[{"href":"https:\/\/quantum.modlitwy24.pl\/index.php?rest_route=\/wp\/v2\/types\/page"}],"author":[{"embeddable":true,"href":"https:\/\/quantum.modlitwy24.pl\/index.php?rest_route=\/wp\/v2\/users\/1"}],"replies":[{"embeddable":true,"href":"https:\/\/quantum.modlitwy24.pl\/index.php?rest_route=%2Fwp%2Fv2%2Fcomments&post=1986"}],"version-history":[{"count":7,"href":"https:\/\/quantum.modlitwy24.pl\/index.php?rest_route=\/wp\/v2\/pages\/1986\/revisions"}],"predecessor-version":[{"id":2053,"href":"https:\/\/quantum.modlitwy24.pl\/index.php?rest_route=\/wp\/v2\/pages\/1986\/revisions\/2053"}],"up":[{"embeddable":true,"href":"https:\/\/quantum.modlitwy24.pl\/index.php?rest_route=\/wp\/v2\/pages\/1657"}],"wp:attachment":[{"href":"https:\/\/quantum.modlitwy24.pl\/index.php?rest_route=%2Fwp%2Fv2%2Fmedia&parent=1986"}],"curies":[{"name":"wp","href":"https:\/\/api.w.org\/{rel}","templated":true}]}}