{"id":1769,"date":"2023-08-03T06:42:02","date_gmt":"2023-08-03T04:42:02","guid":{"rendered":"http:\/\/quantum.modlitwy24.pl\/?page_id=1769"},"modified":"2024-03-23T15:53:44","modified_gmt":"2024-03-23T14:53:44","slug":"geografia","status":"publish","type":"page","link":"https:\/\/quantum.modlitwy24.pl\/?page_id=1769","title":{"rendered":"Geografia"},"content":{"rendered":"<p><strong>Wi\u0119cej ludzi mieszka na p\u00f3\u0142kuli p\u00f3\u0142nocnej czy po\u0142udniowej?<\/strong><br \/>\n90 proc. populacji Ziemi mieszka na p\u00f3\u0142kuli p\u00f3\u0142nocnej. Jednym z powod\u00f3w tej sytuacji jest fakt, \u017ce w\u0142a\u015bnie tam wyst\u0119puje najwi\u0119cej powierzchni l\u0105dowych.<\/p>\n<p>Przeci\u0119tna \u015brednica Ziemi wynosi 12 tys. 742 km, a \u015brednica Jowisza to 139 tys. 820 km.<\/p>\n<p>&nbsp;<\/p>\n\n<div class=\"sp-wrap sp-wrap-default\">\n<div class=\"sp-head\" title=\"Expand\">\nZ kt\u00f3rym pa\u0144stwem s\u0105siedzkim Polska ma najd\u0142u\u017csz\u0105 granic\u0119 l\u0105dow\u0105?\n<\/div>\n<div class=\"sp-body folded\">\n<p>D\u0142ugo\u015b\u0107 granicy z Czechami wynosi 795,91 km.<\/p>\n<div class=\"spdiv\">[collapse]<\/div>\n<\/div>\n<\/div>\n\n\n<div class=\"sp-wrap sp-wrap-default\">\n<div class=\"sp-head\" title=\"Expand\">\nKt\u00f3ry europejski kraj jest najbardziej zalesiony?\n<\/div>\n<div class=\"sp-body folded\">\n<p>73,7 proc. powierzchni l\u0105dowej Finlandii pokryte jest drzewami.<\/p>\n<div class=\"spdiv\">[collapse]<\/div>\n<\/div>\n<\/div>\n\n\n<div class=\"sp-wrap sp-wrap-default\">\n<div class=\"sp-head\" title=\"Expand\">\nGdzie znajduje si\u0119 najwy\u017cszy szczyt Afryki?\n<\/div>\n<div class=\"sp-body folded\">\n<p>Kilimand\u017caro znajduje si\u0119 w Tanzanii, tu\u017c przy granicy z Keni\u0105. Jest najwy\u017csz\u0105 g\u00f3r\u0105 Afryki i jedynym miejscem na kontynencie, gdzie \u015bnieg jest ca\u0142oroczny. Najwy\u017cszy z trzech szczyt\u00f3w &#8222;dachu Afryki&#8221; ma wysoko\u015b\u0107 5895 m n.p.m<\/p>\n<div class=\"spdiv\">[collapse]<\/div>\n<\/div>\n<\/div>\n\n\n<div class=\"sp-wrap sp-wrap-default\">\n<div class=\"sp-head\" title=\"Expand\">\nKt\u00f3re miasto jest najbardziej zaludnione na \u015bwiecie?\n<\/div>\n<div class=\"sp-body folded\">\n<p>Szacunki wskazuj\u0105, \u017ce najwi\u0119kszym miastem \u015bwiata w tej kategorii mo\u017cna uzna\u0107 Tokio. Jego populacj\u0119 oszacowano na 37,7 mln os\u00f3b. Drugie miejsce zaj\u0105\u0142 najwi\u0119kszy o\u015brodek miejski Indonezji \u2014 D\u017cakarta. Jest ona domem dla 33,8 mln os\u00f3b. 33,2 mln mieszka\u0144c\u00f3w liczy Delhi w Indiach. Dzi\u0119ki temu znalaz\u0142o si\u0119 na trzecim miejscu w zestawieniu.<\/p>\n<div class=\"spdiv\">[collapse]<\/div>\n<\/div>\n<\/div>\n\n<p>&nbsp;<\/p>\n<p>Oko\u0142o 78 proc. atmosfery stanowi azot, oko\u0142o 20 proc. tlen, za\u015b argon \u2014 0,9 proc.<\/p>\n<p><span class=\"ILfuVd\" lang=\"pl\"><span class=\"hgKElc\"><b><strong>Pr\u0119dko\u015b\u0107 \u015bwiat\u0142a w pr\u00f3\u017cni wynosi 299\u00a0792\u00a0458 m\/s<br \/>\nJest to te\u017c jednocze\u015bnie sta\u0142a fizyczna, kt\u00f3r\u0105 oznaczamy symbolem c. Czyli w pr\u00f3\u017cni pr\u0119dko\u015b\u0107 \u015bwiat\u0142a zawsze b\u0119dzie wynosi\u0142a dok\u0142adnie c=299\u00a0792\u00a0458 m\/s<\/strong><br \/>\n<\/b><\/span><\/span><\/p>\n<ul>\n<li>299 792,458 km\/s (kilometr\u00f3w na sekund\u0119)<\/li>\n<li>1 079 252 848,8 km\/h (kilometr\u00f3w na godzin\u0119)<\/li>\n<\/ul>\n<p><span class=\"ILfuVd\" lang=\"pl\"><span class=\"hgKElc\">W Uk\u0142adzie S\u0142onecznym najwygodniejsz\u0105 jednostk\u0105 jest jednostka astronomiczna (1 AU), r\u00f3wna \u015bredniej mi\u0119dzy Ziemi\u0105 a S\u0142o\u0144cem, czyli <b>149 mln 600 000 km<\/b>.<\/span><\/span><\/p>\n<p>Pireneje rozci\u0105gaj\u0105 si\u0119 od Zatoki Biskajskiej po wybrze\u017ce Morza \u015ar\u00f3dziemnego. Stanowi\u0105 naturaln\u0105 granic\u0119 mi\u0119dzy Hiszpani\u0105 i Francj\u0105, w tych g\u00f3rach jest te\u017c po\u0142o\u017cone Ksi\u0119stwo Andory.<\/p>\n<p class=\"formitem_text\"><strong>Ile wynosi \u015brednie zasolenie oceanu \u015bwiatowego?<\/strong><br \/>\nZasolenie w\u00f3d oceanicznych waha si\u0119 od oko\u0142o 31 do 39 promili. Przyjmuje si\u0119, \u017ce jego \u015brednia warto\u015b\u0107 we wszechoceanie wynosi 35 promili, czyli 3.5 proc.<\/p>\n\n<div class=\"sp-wrap sp-wrap-default\">\n<div class=\"sp-head\" title=\"Expand\">\nProces powstawania g\u00f3r wskutek ruch\u00f3w tektonicznych to inaczej:\n<\/div>\n<div class=\"sp-body folded\">\n<p>orogeneza Ta nazwa pochodzi od greckich s\u0142\u00f3w &#8222;\u00f3ros&#8221; (g\u00f3ra) i &#8222;g\u00e9nesis&#8221; (pochodzenie). <\/p>\n<div class=\"spdiv\">[collapse]<\/div>\n<\/div>\n<\/div>\n\n\n<div class=\"sp-wrap sp-wrap-default\">\n<div class=\"sp-head\" title=\"Expand\">\nWed\u0142ug ekspert\u00f3w najwi\u0119kszym archipelagiem na Ziemi jest:\n<\/div>\n<div class=\"sp-body folded\">\n<p>Przyjmuje si\u0119, \u017ce najwi\u0119kszych archipelagiem na \u015bwiecie jest Archipelag Malajski, znajduj\u0105cy si\u0119 mi\u0119dzy Azj\u0105 Po\u0142udniowo-Wschodni\u0105 a Australi\u0105. W jego sk\u0142adzie jest ponad 20 tys. wysp o \u0142\u0105cznej powierzchni 1,7 mln km\u00b2.<\/p>\n<div class=\"spdiv\">[collapse]<\/div>\n<\/div>\n<\/div>\n\n\n<div class=\"sp-wrap sp-wrap-default\">\n<div class=\"sp-head\" title=\"Expand\">\nNajd\u0142u\u017csz\u0105 rzek\u0105 Europy jest:\n<\/div>\n<div class=\"sp-body folded\">\n<p>Wo\u0142ga mierzy ok. 3531 km.<\/p>\n<div class=\"spdiv\">[collapse]<\/div>\n<\/div>\n<\/div>\n\n\n<div class=\"sp-wrap sp-wrap-default\">\n<div class=\"sp-head\" title=\"Expand\">\nNajwy\u017cszy wodospad na \u015bwiecie to:\n<\/div>\n<div class=\"sp-body folded\">\n<p>Salto Angel ma wysoko\u015b\u0107 ok. 979 m. Znajduje si\u0119 w Wenezueli na wy\u017cynie La Gran Sabana.<\/p>\n<div class=\"spdiv\">[collapse]<\/div>\n<\/div>\n<\/div>\n\n\n<div class=\"sp-wrap sp-wrap-default\">\n<div class=\"sp-head\" title=\"Expand\">\nco najwi\u0119kszym p\u00f3\u0142wyspem \u015bwiata?\n<\/div>\n<div class=\"sp-body folded\">\n<p>Wed\u0142ug ekspert\u00f3w P\u00f3\u0142wysep Arabski jest najwi\u0119kszym p\u00f3\u0142wyspem \u015bwiata. Jego powierzchnia to ok. 2 780 000 km\u00b2. Znajduj\u0105 si\u0119 tam nast\u0119puj\u0105ce pa\u0144stwa: Arabia Saudyjska, cz\u0119\u015b\u0107 Iraku, Jemen, Jordania, Katar, Kuwejt, Oman oraz Zjednoczone Emiraty Arabskie.<\/p>\n<div class=\"spdiv\">[collapse]<\/div>\n<\/div>\n<\/div>\n\n\n<div class=\"sp-wrap sp-wrap-default\">\n<div class=\"sp-head\" title=\"Expand\">\nNajwi\u0119ksze jezioro na \u015bwiecie?\n<\/div>\n<div class=\"sp-body folded\">\n<\/p>\n<p><strong>Morze Kaspijskie<\/strong> jest po\u0142o\u017cone mi\u0119dzy Europ\u0105 a Azj\u0105, na obszarze Azji \u015arodkowej. Graniczy z Rosj\u0105, Kazachstanem, Turkmenistanem, Iranem i Azerbejd\u017canem i ma powierzchni\u0119 <strong>ok. 370 tys<\/strong>. km. Jest to te\u017c niezwykle g\u0142\u0119bokie jezioro \u2014 dno znajdziemy tam na g\u0142\u0119boko\u015bci ponad kilometra! Co ciekawe, woda w Morzu Kaspijskim jest s\u0142odka na p\u00f3\u0142nocy, ale s\u0142ona na po\u0142udniu, jest to te\u017c bardzo wa\u017cny szlak transportowy \u0142\u0105cz\u0105cy Azj\u0119 i Europ\u0119 oraz bogate \u017ar\u00f3d\u0142o ropy naftowej i gazu ziemnego.<\/p>\n<p>\n<div class=\"spdiv\">[collapse]<\/div>\n<\/div>\n<\/div>\n\n\n<div class=\"sp-wrap sp-wrap-default\">\n<div class=\"sp-head\" title=\"Expand\">\nKt\u00f3ry kraj ma najwi\u0119ksz\u0105 powierzchni\u0119 w Afryce?\n<\/div>\n<div class=\"sp-body folded\">\n<p><strong>Algiera<\/strong> to kraj rozpo\u015bcieraj\u0105cy si\u0119 na powierzchni 2,38 mln km kw., co oznacza, \u017ce jest to jedno z najwi\u0119kszych pa\u0144stw na \u015bwiecie plasuj\u0105ce si\u0119 na 10 miejscu takiego zestawienia. Sam kraj po\u0142o\u017cony jest w p\u00f3\u0142nocnej cz\u0119\u015bci Afryki na wybrze\u017cu Morza \u015ar\u00f3dziemnomorskiego. Jest to te\u017c pa\u0144stwo o zr\u00f3\u017cnicowanej geografii, znajdziemy tu bowiem zar\u00f3wno obszary pustynne, g\u00f3rskie, jak i w\u0142a\u015bnie tereny po\u0142o\u017cone nad morzem.<\/p>\n<div class=\"spdiv\">[collapse]<\/div>\n<\/div>\n<\/div>\n\n\n<div class=\"sp-wrap sp-wrap-default\">\n<div class=\"sp-head\" title=\"Expand\">\n Najd\u0142u\u017cszy \u0142a\u0144cuch g\u00f3rski na \u015bwiecie\n<\/div>\n<div class=\"sp-body folded\">\n<p>Andy to \u0142a\u0144cuch g\u00f3rski o d\u0142ugo\u015bci ok. 7 tys. km, po\u0142o\u017cony po zachodniej stronie Ameryki P\u0142d. To w\u0142a\u015bnie w Andach znajdziemy najwy\u017cszy szczyt na zachodniej p\u00f3\u0142kuli, czyli g\u00f3r\u0119 Aconcagua o wysoko\u015bci 6 tys. 960 m, a tak\u017ce szereg znanych lokacji turystycznych, na czele z Machu Pichu w Peru i pustyni\u0105 Atacama w Chile.<\/p>\n<ol class=\"art_oList\">\n<li class=\"art_list_el\">Andy (ok. 7000 km),<\/li>\n<li class=\"art_list_el\">Wielka Skarpa Afryka\u0144ska (ok. 5000 km),<\/li>\n<li class=\"art_list_el\">G\u00f3ry Skaliste (ok. 4800 km),<\/li>\n<li class=\"art_list_el\">Wielkie G\u00f3ry Wododzia\u0142owe (ok. 4000 km),<\/li>\n<li class=\"art_list_el\">G\u00f3ry Transantarktyczne (ok. 3550 km),<\/li>\n<li class=\"art_list_el\">Himalaje (ok. 2600 km).<\/li>\n<\/ol>\n<p>\n<div class=\"spdiv\">[collapse]<\/div>\n<\/div>\n<\/div>\n\n\n<div class=\"sp-wrap sp-wrap-default\">\n<div class=\"sp-head\" title=\"Expand\">\nnajwi\u0119kszy aktywny wulkan na Ziemi?\n<\/div>\n<div class=\"sp-body folded\">\n<p><strong>Najwi\u0119kszym wulkanem na Ziemi jest Mauna Loa po\u0142o\u017cony na Hawajach<\/strong>, czyli na kontynencie Ameryki P\u0142n. To prawdziwy gigant wznosz\u0105cy si\u0119 na wysoko\u015b\u0107 4 km p.p.m. i kt\u00f3rego zbocza opadaj\u0105 na g\u0142\u0119boko\u015b\u0107 5 km pod powierzchni\u0119 wody. Masa wulkanu jest te\u017c tak du\u017ca, \u017ce miejsce, w kt\u00f3rym si\u0119 znajduje, jest depresj\u0105 o g\u0142\u0119boko\u015bci 8 km. Ca\u0142kowita wysoko\u015b\u0107 wulkanu od jego podstawy do wierzcho\u0142ka wynosi wi\u0119c a\u017c 17 km, co oznacza, \u017ce jest to tak\u017ce jeden z najwi\u0119kszych wulkan\u00f3w w ca\u0142ym Uk\u0142adzie S\u0142onecznym!<\/p>\n<div class=\"spdiv\">[collapse]<\/div>\n<\/div>\n<\/div>\n\n\n<div class=\"sp-wrap sp-wrap-default\">\n<div class=\"sp-head\" title=\"Expand\">\nJak nazywa si\u0119 najwi\u0119ksze polskie jezioro?\n<\/div>\n<div class=\"sp-body folded\">\n<p>\u015aniardwy to najwi\u0119ksze jezioro w Polsce. Jego powierzchnia to 113,4 km kw.<\/p>\n<div class=\"spdiv\">[collapse]<\/div>\n<\/div>\n<\/div>\n\n\n<div class=\"sp-wrap sp-wrap-default\">\n<div class=\"sp-head\" title=\"Expand\">\nW\u0119gry nie maj\u0105 dost\u0119pu do morza, ale mog\u0105 pochwali\u0107 si\u0119 s\u0142ynnym, du\u017cym jeziorem. To...\n<\/div>\n<div class=\"sp-body folded\">\n<p><strong>Balaton<\/strong> to najwi\u0119ksze jezioro W\u0119gier i zarazem Europy \u015arodkowej. Jego powierzchnia to 592 km kw<\/p>\n<div class=\"spdiv\">[collapse]<\/div>\n<\/div>\n<\/div>\n\n\n<div class=\"sp-wrap sp-wrap-default\">\n<div class=\"sp-head\" title=\"Expand\">\nz ilu stan\u00f3w sk\u0142adaj\u0105 si\u0119 Stany Zjednoczone?\n<\/div>\n<div class=\"sp-body folded\">\n<p>Stany Zjednoczone sk\u0142adaj\u0105 si\u0119 z 50 stan\u00f3w &#8211; w tym 48 tzw. stan\u00f3w kontynentalnych oraz stanu Alaska &#8211; oddzielonego od pozosta\u0142ych stan\u00f3w kontynentalnych obszarem Kanady &#8211; i stanu Hawaje, po\u0142o\u017conego na archipelagu o tej samej nazwie.<\/p>\n<div class=\"spdiv\">[collapse]<\/div>\n<\/div>\n<\/div>\n\n\n<div class=\"sp-wrap sp-wrap-default\">\n<div class=\"sp-head\" title=\"Expand\">\nb\u0119d\u0105c w stolicy Czech mo\u017cemy wybra\u0107 si\u0119 nad rzek\u0119\n<\/div>\n<div class=\"sp-body folded\">\n<p>Przez Prag\u0119 przep\u0142ywa We\u0142tawa.<\/p>\n<div class=\"spdiv\">[collapse]<\/div>\n<\/div>\n<\/div>\n\n\n<div class=\"sp-wrap sp-wrap-default\">\n<div class=\"sp-head\" title=\"Expand\">\nJak nazywa si\u0119 najwi\u0119ksza grecka wyspa?\n<\/div>\n<div class=\"sp-body folded\">\n<p>Najwi\u0119ksz\u0105 greck\u0105 wysp\u0105 jest Kreta &#8211; ma 8336 km kw. powierzchni.<\/p>\n<div class=\"spdiv\">[collapse]<\/div>\n<\/div>\n<\/div>\n\n","protected":false},"excerpt":{"rendered":"<p>Wi\u0119cej ludzi mieszka na p\u00f3\u0142kuli p\u00f3\u0142nocnej czy po\u0142udniowej? 90 proc. populacji Ziemi mieszka na p\u00f3\u0142kuli p\u00f3\u0142nocnej. Jednym z powod\u00f3w tej sytuacji jest fakt, \u017ce w\u0142a\u015bnie tam wyst\u0119puje najwi\u0119cej powierzchni l\u0105dowych. Przeci\u0119tna \u015brednica Ziemi wynosi 12 tys. 742 km, a \u015brednica Jowisza to 139 tys. 820 km. &nbsp; &nbsp; Oko\u0142o 78 proc. atmosfery stanowi azot, oko\u0142o [&hellip;]<\/p>\n","protected":false},"author":1,"featured_media":0,"parent":0,"menu_order":0,"comment_status":"closed","ping_status":"closed","template":"","meta":{"footnotes":""},"class_list":["post-1769","page","type-page","status-publish","hentry"],"_links":{"self":[{"href":"https:\/\/quantum.modlitwy24.pl\/index.php?rest_route=\/wp\/v2\/pages\/1769","targetHints":{"allow":["GET"]}}],"collection":[{"href":"https:\/\/quantum.modlitwy24.pl\/index.php?rest_route=\/wp\/v2\/pages"}],"about":[{"href":"https:\/\/quantum.modlitwy24.pl\/index.php?rest_route=\/wp\/v2\/types\/page"}],"author":[{"embeddable":true,"href":"https:\/\/quantum.modlitwy24.pl\/index.php?rest_route=\/wp\/v2\/users\/1"}],"replies":[{"embeddable":true,"href":"https:\/\/quantum.modlitwy24.pl\/index.php?rest_route=%2Fwp%2Fv2%2Fcomments&post=1769"}],"version-history":[{"count":11,"href":"https:\/\/quantum.modlitwy24.pl\/index.php?rest_route=\/wp\/v2\/pages\/1769\/revisions"}],"predecessor-version":[{"id":2001,"href":"https:\/\/quantum.modlitwy24.pl\/index.php?rest_route=\/wp\/v2\/pages\/1769\/revisions\/2001"}],"wp:attachment":[{"href":"https:\/\/quantum.modlitwy24.pl\/index.php?rest_route=%2Fwp%2Fv2%2Fmedia&parent=1769"}],"curies":[{"name":"wp","href":"https:\/\/api.w.org\/{rel}","templated":true}]}}