{"id":1478,"date":"2020-11-03T10:13:29","date_gmt":"2020-11-03T09:13:29","guid":{"rendered":"http:\/\/quantum.modlitwy24.pl\/?page_id=1478"},"modified":"2023-05-10T12:15:12","modified_gmt":"2023-05-10T10:15:12","slug":"inflacja","status":"publish","type":"page","link":"https:\/\/quantum.modlitwy24.pl\/?page_id=1478","title":{"rendered":"Inflacja"},"content":{"rendered":"<p>realna stopa % &#8211; rentowno\u015b\u0107 10 letnich obligacji USA pomniejszona o inflacj\u0119<\/p>\n<p>90% ceny zlota zalezy od:<br \/>\n&#8211; rentowno\u015bci obligacji USA<br \/>\n&#8211; poziomu inflacji<br \/>\n&#8211; kursu dolara<br \/>\n&#8211; ceny innych surowc\u00f3w<\/p>\n<p>&nbsp;<\/p>\n<p>wzrost realnych st\u00f3p procentowych w USA, liczonych jako rentowno\u015b\u0107 10-letnich obligacji skarbowych minus stopa inflacji CPI r\/r.<\/p>\n<hr \/>\n<p>Z jednym si\u0119 natomiast po cz\u0119\u015bci zgodz\u0119 \u2013 inflacja mo\u017ce pokrzy\u017cowa\u0107 szyki. Ale po pierwsze nie jest oczywiste, czy inflacja si\u0119 pojawi, a po drugie nie jest oczywiste, \u017ce banki centralne na ni\u0105 zareaguj\u0105. Przeciwnie, sygna\u0142y z Fed czy EBC jednoznacznie sugeruj\u0105, \u017ce b\u0119d\u0105 one tolerowa\u0142y o wiele wy\u017csz\u0105 inflacj\u0119 ni\u017c kiedy\u015b. Tak zreszt\u0105 by\u0142o po II wojnie \u015bwiatowej \u2013 latach 1945-19 inflacja w USA wynios\u0142a \u015brednio 6,4% osi\u0105gaj\u0105c nawet poziom 19,7% w 1947 roku, a stopy procentowe pozosta\u0142y w okolicy 1%, bo Fed zastosowa\u0142 to, co opisywali\u015bmy w ostatnich Oczekiwanych Kierunkach Inwestycyjnych, czyli Kontrol\u0119 Krzywej Dochodowo\u015bci (YCC \u2013 Yield Curve Control). Zreszt\u0105, je\u015bli kto\u015b boi si\u0119 inflacji, to zapraszamy do nowej Strategii Antyinflacyjnej.<\/p>\n<p><a href=\"http:\/\/quantum.modlitwy24.pl\/wp-content\/uploads\/2020\/11\/inflacja.jpg\"><img loading=\"lazy\" decoding=\"async\" class=\"aligncenter wp-image-1484 size-large\" src=\"http:\/\/quantum.modlitwy24.pl\/wp-content\/uploads\/2020\/11\/inflacja-1024x526.jpg\" alt=\"\" width=\"625\" height=\"321\" srcset=\"https:\/\/quantum.modlitwy24.pl\/wp-content\/uploads\/2020\/11\/inflacja-1024x526.jpg 1024w, https:\/\/quantum.modlitwy24.pl\/wp-content\/uploads\/2020\/11\/inflacja-300x154.jpg 300w, https:\/\/quantum.modlitwy24.pl\/wp-content\/uploads\/2020\/11\/inflacja-768x395.jpg 768w, https:\/\/quantum.modlitwy24.pl\/wp-content\/uploads\/2020\/11\/inflacja-624x321.jpg 624w, https:\/\/quantum.modlitwy24.pl\/wp-content\/uploads\/2020\/11\/inflacja.jpg 1261w\" sizes=\"auto, (max-width: 625px) 100vw, 625px\" \/><\/a><\/p>\n","protected":false},"excerpt":{"rendered":"<p>realna stopa % &#8211; rentowno\u015b\u0107 10 letnich obligacji USA pomniejszona o inflacj\u0119 90% ceny zlota zalezy od: &#8211; rentowno\u015bci obligacji USA &#8211; poziomu inflacji &#8211; kursu dolara &#8211; ceny innych surowc\u00f3w &nbsp; wzrost realnych st\u00f3p procentowych w USA, liczonych jako rentowno\u015b\u0107 10-letnich obligacji skarbowych minus stopa inflacji CPI r\/r. Z jednym si\u0119 natomiast po cz\u0119\u015bci [&hellip;]<\/p>\n","protected":false},"author":1,"featured_media":0,"parent":0,"menu_order":0,"comment_status":"closed","ping_status":"closed","template":"page-templates\/full-width.php","meta":{"footnotes":""},"class_list":["post-1478","page","type-page","status-publish","hentry"],"_links":{"self":[{"href":"https:\/\/quantum.modlitwy24.pl\/index.php?rest_route=\/wp\/v2\/pages\/1478","targetHints":{"allow":["GET"]}}],"collection":[{"href":"https:\/\/quantum.modlitwy24.pl\/index.php?rest_route=\/wp\/v2\/pages"}],"about":[{"href":"https:\/\/quantum.modlitwy24.pl\/index.php?rest_route=\/wp\/v2\/types\/page"}],"author":[{"embeddable":true,"href":"https:\/\/quantum.modlitwy24.pl\/index.php?rest_route=\/wp\/v2\/users\/1"}],"replies":[{"embeddable":true,"href":"https:\/\/quantum.modlitwy24.pl\/index.php?rest_route=%2Fwp%2Fv2%2Fcomments&post=1478"}],"version-history":[{"count":6,"href":"https:\/\/quantum.modlitwy24.pl\/index.php?rest_route=\/wp\/v2\/pages\/1478\/revisions"}],"predecessor-version":[{"id":1696,"href":"https:\/\/quantum.modlitwy24.pl\/index.php?rest_route=\/wp\/v2\/pages\/1478\/revisions\/1696"}],"wp:attachment":[{"href":"https:\/\/quantum.modlitwy24.pl\/index.php?rest_route=%2Fwp%2Fv2%2Fmedia&parent=1478"}],"curies":[{"name":"wp","href":"https:\/\/api.w.org\/{rel}","templated":true}]}}