{"id":1475,"date":"2020-10-28T08:26:06","date_gmt":"2020-10-28T07:26:06","guid":{"rendered":"http:\/\/quantum.modlitwy24.pl\/?page_id=1475"},"modified":"2024-12-02T07:26:11","modified_gmt":"2024-12-02T06:26:11","slug":"hist-ciekaw","status":"publish","type":"page","link":"https:\/\/quantum.modlitwy24.pl\/?page_id=1475","title":{"rendered":"Historia"},"content":{"rendered":"<p>I \u015bwi\u0105tynia Salomona powsta\u0142a ok 1000 lat przed Chrystusem, zosta\u0142a zburzona przez Nabuchodonozora w 586 roku kiedy babilo\u0144czycy zdobyli Jerozolim\u0119. Po 70 latach zosta\u0142a obudowana, w czasach Chrystusa zosta\u0142\u0105 robudowana przez Heroda Wielkiego.<br \/>\nZosta\u0142a ona jednak zniszczona ok 70 roku po Chrysusie przez Rzymskiego wodza Tytusa syna Wespazjana.<\/p>\n<p>&nbsp;<\/p>\n<p>&nbsp;<\/p>\n<p><b><span data-contrast=\"none\">Bitwa pod Kircholmem w roku 1605 <\/span><\/b><br \/>\nJana Karola Chodkiewicza licz\u0105c\u0105 niespe\u0142na 4 000 \u017co\u0142nierzy z czego ok 1200 stanowili husarze z drugiej ogromn\u0105 licz\u0105c\u0105 niemal 14 000 armi\u0119 szwedzk\u0105 dowodzon\u0105 przez Karola Suderma\u0144skiego.<br \/>\nStraty po stronie polskiej zaledwie oko\u0142o 100 poleg\u0142ych po stronie szwedzkiej niemal po\u0142owa armii blisko 8000 zabitych rannych i wzi\u0119tych do niewoli<\/p>\n<p><strong><span class=\"TextRun SCXW65288952 BCX0\" lang=\"PL-PL\" xml:lang=\"PL-PL\" data-contrast=\"none\"><span class=\"NormalTextRun SCXW65288952 BCX0\">Bitwa pod <\/span><span class=\"SpellingError SCXW65288952 BCX0\">K<\/span><span class=\"SpellingError SCXW65288952 BCX0\">\u0142uszynem<\/span><span class=\"NormalTextRun SCXW65288952 BCX0\">\u00a0<\/span><span class=\"NormalTextRun SCXW65288952 BCX0\">1610 rok<\/span><\/span><\/strong><span class=\"LineBreakBlob BlobObject DragDrop SCXW65288952 BCX0\"><strong><span class=\"SCXW65288952 BCX0\">\u00a0<\/span><\/strong><br class=\"SCXW65288952 BCX0\" \/><\/span><span class=\"TextRun SCXW65288952 BCX0\" lang=\"PL-PL\" xml:lang=\"PL-PL\" data-contrast=\"none\"><span class=\"NormalTextRun SCXW65288952 BCX0\">hetman Stanis\u0142aw \u017c\u00f3\u0142kiewski kontra armia rosyjsko szwedzka licz\u0105ca ponad 30<\/span> <span class=\"NormalTextRun SCXW65288952 BCX0\">000 \u017co\u0142nierzy si\u0142y polskie niespe\u0142na 7<\/span> <span class=\"NormalTextRun SCXW65288952 BCX0\">000 ludzi z czego wi\u0119kszo\u015b\u0107 to husaria\u00a0<\/span><\/span><span class=\"LineBreakBlob BlobObject DragDrop SCXW65288952 BCX0\"><span class=\"SCXW65288952 BCX0\">\u00a0<\/span><br class=\"SCXW65288952 BCX0\" \/><\/span><span class=\"TextRun SCXW65288952 BCX0\" lang=\"PL-PL\" xml:lang=\"PL-PL\" data-contrast=\"none\"><span class=\"NormalTextRun SCXW65288952 BCX0\">S<\/span><span class=\"NormalTextRun SCXW65288952 BCX0\">traty po stronie polskiej oko\u0142o 300 poleg\u0142ych po stronie wroga kilkana\u015bcie <\/span><span class=\"NormalTextRun SCXW65288952 BCX0\">tysi\u0119cy <\/span><span class=\"NormalTextRun SCXW65288952 BCX0\">zabitych rannych i wzi\u0119tych do niewoli to by\u0142a miazga zwyci\u0119stwo\u00a0<\/span><span class=\"NormalTextRun SCXW65288952 BCX0\">pod <\/span><span class=\"SpellingError SCXW65288952 BCX0\">K<\/span><span class=\"SpellingError SCXW65288952 BCX0\">\u0142uszynem<\/span><span class=\"NormalTextRun SCXW65288952 BCX0\"> otworzy\u0142o Rzeczpospolitej drog\u0119 na Moskw\u0119 kr\u00f3l Zygmunt trzeciej waza pr\u00f3bowa\u0142 nawet osadzi\u0107 swojego syna na tronie rosyjskim <\/span><\/span><span class=\"EOP SCXW65288952 BCX0\" data-ccp-props=\"{&quot;134233117&quot;:false,&quot;134233118&quot;:false,&quot;201341983&quot;:0,&quot;335551550&quot;:1,&quot;335551620&quot;:1,&quot;335559685&quot;:0,&quot;335559737&quot;:0,&quot;335559738&quot;:0,&quot;335559739&quot;:160,&quot;335559740&quot;:259}\">\u00a0<\/span><\/p>\n\n<div class=\"sp-wrap sp-wrap-default\">\n<div class=\"sp-head\" title=\"Expand\">\nkonstytucja 3 maja wyko\u0144czy\u0142a s\u0142abn\u0105c\u0105 pierwsz\u0105 Rzeczpospolit\u0105 \n<\/div>\n<div class=\"sp-body folded\">\n<p>\nDo pierwszego rozbioru Polski dosz\u0142o w 1772 roku. Polska by\u0142a rosyjskim Rzeczpospolita Polska by\u0142a rosyjskim protektoratem od 1717 roku od czas\u00f3w s\u0142ynnego Sejmu niemego (poniewa\u017c nie pozwolono si\u0119 tam nikomu odezwa\u0107, aby tego Sejmu nie zerwa\u0107 &#8211; Sejm pod rosyjskimi bagnetami). Rosja nie mia\u0142a interesu, aby dokonywa\u0107 rozbioru swojego protektoratu, poniewa\u017c rz\u0105dzi\u0142a ca\u0142\u0105 Rzeczpospolit\u0105. Najwi\u0119kszy interes w tym i najwi\u0119ksze parcie do rozbior\u00f3w mia\u0142y Prusy z uwagi na swoje szczup\u0142e terytorium. Oni one de facto i tak rz\u0105dzi\u0142y du\u017c\u0105 cz\u0119\u015bci\u0105 Rzeczypospolitej, ale chcia\u0142y to usankcjonowa\u0107. To na w\u0142asno\u015b\u0107 nie mog\u0142y tego zrobi\u0107, dop\u00f3ki o Rosja by\u0142a protektorem. W zwi\u0105zku z tym si\u0142y propolskie pod pretekstem uzdrawiania chorego organizmu pa\u0144stwowego pierwszej Rzeczypospolitej szczu\u0142y Polak\u00f3w do tego, \u017ceby si\u0119 buntowali przeciwko Rosji i tym samym dawali preteksty do rozbior\u00f3w. Pierwszym pretekstem by\u0142o pierwsze antyrosyjskie powstanie czyli <strong>Konfederacja Barska z lat 1768-1772<\/strong> by\u0142 to protest przeciwko osadzeniu przez rosyjskie wojska przez rosyjsk\u0105 caryc\u0119 Katarzyn\u0119 II jej kochanka Stanis\u0142awa Augusta Poniatowskiego na tronie Polski. Powodem wybuchu tej wojny by\u0142o to, \u017ce Rosja mia\u0142a r\u0119ce pe\u0142ne roboty, \u017ce by\u0142a zaj\u0119ta Turcj\u0105. Skalkulowano, \u017ce mo\u017ce si\u0119 w ko\u0144cu uda\u0107 wybi\u0107 na niezale\u017cno\u015b\u0107. Problem polega\u0142 na tym, \u017ce konfederaci barscy nie mieli za sob\u0105 realnej si\u0142y ani te\u017c wi\u0119kszo\u015bci spo\u0142ecze\u0144stwa. By\u0142 to bardzo ograniczony w swojej sile bunt, kt\u00f3ry da\u0142 po prostu pretekst do pierwszego rozbioru Polski. Natomiast Sejm Wielki 1788 roku, kt\u00f3ry si\u0119 zacz\u0105\u0142 i kt\u00f3ry doprowadzi\u0142 do uchwalenia konstytucji 3 maja (dodajmy przy zamachu stanu) mia\u0142 naprawd\u0119 gigantyczne osi\u0105gni\u0119cia w poprawie funkcjonowania Rzeczpospolitej. Konstytucja 3 maja by\u0142o po prostu przelicytowaniem.<br \/>\n<strong>Konstytucja 3 maja by\u0142a nie tylko wyzwaniem rzuconym Rosji i innym pa\u0144stwom zainteresowanym s\u0142abo\u015bci\u0105 Rzeczypospolitej Polskie &#8211; by\u0142a te\u017c rzuceniem wyzwania wi\u0119kszo\u015bci szlachty w Polsce kt\u00f3ra nie \u017cyczy\u0142a sobie \u017cadnych zmian.<\/strong><br \/>\n<span style=\"color: #ff0000;\">Konstytucja 3 maja nie likwidowa\u0142a te\u017c najwi\u0119kszego raka, kt\u00f3ry toczy\u0142 Polsk\u0119, i kt\u00f3ry m\u00f3g\u0142by ewentualnie da\u0107 impuls do pozyskania zwolennik\u00f3w dla obrony pierwszej Rzeczypospolitej. Nie likwidowa\u0142a Pa\u0144szczyzny to pa\u0144szczyzna, czyli faktyczne niewolnictwo, doprowadzi\u0142a pierwsz\u0105 Rzeczpospolit\u0105 do upadku i Konstytucja 3 maja tego nie likwidowa\u0142a.<\/span> Bez Konstytucja 3 maja nie by\u0142oby drugiego rozbioru Polski. Nie by\u0142oby te\u017c trzeciego rozbioru, kt\u00f3ry nast\u0105pi\u0142 po kolejnej prowokacji, kt\u00f3rym by\u0142o doprowadzenie do powstania ko\u015bciuszkowskiego. Kolejny zryw kompletnie bezsensowny, kompletnie nie maj\u0105cy nic wsp\u00f3lnego z realno\u015bci\u0105.<br \/>\nPozwol\u0119 sobie zacytowa\u0107 profesora Chwalby: <em>m\u0119\u017cowie stanu, racjonalnie, politycy z krwi i ko\u015bci zatrzymaliby si\u0119 w kwietniu 1791 roku krok po kroku kontynuowali, by reformy trzymaliby zanadrzu g\u0142owy, gotowy dokument wprowadzaj\u0105cy nowy \u0142ad ustrojowy w pa\u0144stwie i czekali na dogodny moment i wcieli\u0107 go w \u017cycie. Przecie\u017c dorobek Sejmu sprzed 3 maja i tak by\u0142 imponuj\u0105cy. W pewnym momencie nale\u017ca\u0142o powiedzie\u0107 stop i nie ryzykowa\u0107 utrat\u0119 wszystkiego, co uda\u0142o si\u0119 osi\u0105gn\u0105\u0107. No w\u0142a\u015bnie. A co uda\u0142o si\u0119 osi\u0105gn\u0105\u0107 sejmowi wielkiemu?<\/em><br \/>\n&#8211; zlikwidowano rad\u0119 nieustaj\u0105c\u0105, to by\u0142o cia\u0142o, kt\u00f3rym Rosja rz\u0105dzi\u0142a Polsk\u0105.<br \/>\n&#8211; Uchwalono te\u017c prawo o miastach likwiduj\u0105ce dyskryminacje mieszczan praktycznie.<br \/>\n&#8211; przeprowadzono gruntown\u0105 reform\u0119 funkcjonowania sejmiku.<br \/>\n&#8211; na\u0142o\u017cono podatki na szlacht\u0119 i duchowie\u0144stwo, dzi\u0119ki czemu pojawi\u0142y si\u0119 \u017ar\u00f3d\u0142a finansowania sta\u0142ej 65 1000 armii.<br \/>\nTo wszystko powinno by\u0142o okrzepn\u0105\u0107. Jak napisa\u0142 profesor Chwalba w zwrotnicach dziej\u00f3w: mogliby\u015bmy rozwija\u0107 si\u0119 i czeka\u0107 na kolejn\u0105 zmian\u0119 sytuacji mi\u0119dzynarodowej i wtedy pr\u00f3bowa\u0107 kolejnych krok\u00f3w na drodze do wzmocnienia pa\u0144stwa lub zrzucenia rosyjskie kurateli. A okazja nadesz\u0142a. \u017be si\u0119 szybko pojawia\u0142a si\u0119 dobra koniunktura. No w\u0142a\u015bnie, drodzy pa\u0144stwo, wyobra\u017amy sobie, \u017ce Polska w kszta\u0142cie nie okrojonym mi\u0119dzy Drugim i trzecim zaborem doczekuje epoki Napoleo\u0144skiej epoki Wielkich zmian wystarczy\u0142o poczeka\u0107 10 lat i Polska by doczeka\u0142a si\u0119 tego. Niestety polskie \u00f3wczesne elity by\u0142y bardzo podatne na dzia\u0142ania agentury. Wielu patriot\u00f3w, kt\u00f3rzy d\u0105\u017cy\u0142o do uchwalenia konstytucji 3 maja, nie zdawa\u0142o sobie sprawy, \u017ce daje pretekst do zako\u0144czenia \u017cycia pierwszej Rzeczypospolitej, drodzy pa\u0144stwo, c\u00f3\u017c to za operacja ratowania pacjenta, kiedy pacjent umiera\u0142?<br \/>\nCz\u0119sto si\u0119 m\u00f3wi \u017ce ona zosta\u0142a uchwalona w wyniku zamachu stanu i to prawda to te\u017c warto te\u017c pami\u0119ta\u0107 Warto te\u017c pami\u0119ta\u0107 o tym nie by\u0142o za to konstytucj\u0105 wi\u0119kszo\u015b\u0107 elit ani te\u017c wi\u0119kszo\u015bci spo\u0142ecze\u0144stwa, czyli tych zniewolonych ch\u0142op\u00f3w pa\u0144szczy\u017anianych, poniewa\u017c nie nadano im wolno\u015bci. Tak naprawd\u0119 to za konstytucj\u0105 3 maja by\u0142y w\u0105skie elity. Ten zamach stanu polega\u0142 na tym, \u017ce:<br \/>\n&#8211; nie poinformowano o terminie posiedzenia pos\u0142\u00f3w i senator\u00f3w niech\u0119tnie nastawionych do projektu konstytucji.<br \/>\n&#8211; Nieobecno\u015b\u0107 ponad po\u0142owy pos\u0142\u00f3w i senator\u00f3w w trakcie g\u0142osowania wynikaj\u0105ca z przyspieszenia o 2 dni debaty i g\u0142osowania.<br \/>\n&#8211; Naruszenie zasady trzydniowej de liberalizacji nad projektem,<br \/>\n&#8211; naruszenie instrukcji sejmikowych, z kt\u00f3rych zdecydowana wi\u0119kszo\u015b\u0107 wyra\u017ca\u0142a sprzeciw wobec ustanowienia monarchii dziedzicznej w Polsce, kt\u00f3r\u0105 wprowadza\u0142a Konstytucja 3 maja.<br \/>\n&#8211; naruszenie przez kr\u00f3la patta, Konwentach, kt\u00f3ry sam zaprzysi\u0105c przed koloratce koronacj\u0105, a kt\u00f3re zakazywa\u0142y podejmowania przez monarch\u0119 dzia\u0142a\u0144 na rzecz ustanowienia monarchii dziedzicznej<br \/>\n&#8211; u\u017cycie wojska do wywarcia presji na pos\u0142\u00f3w z konstytucji 3 maja. A tak w\u0142a\u015bnie by\u0142o.<br \/>\nObecnie niewielu ju\u017c ma jakiekolwiek w\u0105tpliwo\u015bci, \u017ce to dzie\u0144 3 maja 1791 roku zosta\u0142 ostatecznie zostawiany zosta\u0142 ostateczny cios polskiej niepodleg\u0142o\u015bci.<br \/>\nPan profesor Batter Week napisa\u0142 bardzo ciekaw\u0105 ksi\u0105\u017ck\u0119 \u201ePolska rewolucja a Ko\u015bci\u00f3\u0142 katolicki 1788-1792 \u201e ( oko\u0142o tysi\u0105ca stron). <em>Spora cz\u0119\u015b\u0107 tw\u00f3rc\u00f3w konstytucji 3 maja podchodzi\u0142a do sprawy nie z punktu widzenia dobra pierwszej Rzeczypospolitej, ale chodzi\u0142o im o ideologiczne uderzenie w Ko\u015bci\u00f3\u0142 katolicki, kt\u00f3ry w\u00f3wczas mia\u0142 ogromne wp\u0142ywy w Polsce.<\/em> Ta kwestia ideologiczna przes\u0142ania\u0142a im mo\u017cliwe konsekwencje. Troch\u0119 to by\u0142o na zasadzie takiej \u201eno spr\u00f3bujemy, aby doprowadzi\u0107 do tego \u017ce rzeczpospolita b\u0119dzie mia\u0142a dobry ustr\u00f3j, jak nie przetrzyma, to trudno, ale spr\u00f3bujemy\u201d To jest troch\u0119 takie podej\u015bcie, bardzo lekkomy\u015blne.<br \/>\nNatomiast w dziele bateryjka przebija tutaj rola inspiracji agentury pruskiej w doprowadzeniu do uchwalenia konstytucji 3 maja po prostu szpiedzy kr\u00f3la prus doskonale zdawali sobie spraw\u0119, \u017ce skutkiem uchwalenia konstytucji 3 maja b\u0119dzie wojna z Rosj\u0105 i nast\u0119pnie okazja do drugiego rozbioru Polski. Do czego d\u0105\u017cyli z czego nie zdawali sobie sprawy polscy patrioci zdawali sobie spraw\u0119 szpiedzy i elity pruskie.<br \/>\n&#8211; Konfederat\u00f3w barskich wspiera\u0142 kr\u00f3l Prus i skutkiem by\u0142 pierwszy rozbi\u00f3r Polski 1772<br \/>\n&#8211; tw\u00f3rc\u00f3w konstytucji 3 maja te\u017c wspiera\u0142 kr\u00f3l Prus.<br \/>\n&#8211; Wreszcie do powstania ko\u015bciuszkowskiego dosz\u0142o, poniewa\u017c Prusy obieca\u0142y elitom Rzeczpospolitej, \u017ce wespr\u0105 wojn\u0119 z Rosj\u0105.<\/p>\n<p>Jak mo\u017cna by\u0142o uwierzy\u0107 w to, \u017ce Prusy mia\u0142y interes w utrzymaniu Rzeczypospolitej?<br \/>\nNieca\u0142y wiek p\u00f3\u017aniej Otto von Bismarck, jeden z najwybitniejszych pruskich i niemieckich polityk\u00f3w, dokona\u0142 profetycznej wizji i oceny polityki, m\u00f3wi\u0105c, \u017ce zmartwychwstanie pa\u0144stwa polskiego oznacza koniec istnienia Prus. Pa\u0144stwo polskie zmartwychwsta\u0142o w 1918 roku i ju\u017c w 1945 roku plus\u00f3w nie by\u0142o jako bytu niemczyzny na terenach polskich.<\/p>\n<div class=\"spdiv\">[collapse]<\/div>\n<\/div>\n<\/div>\n\n\n<div class=\"sp-wrap sp-wrap-default\">\n<div class=\"sp-head\" title=\"Expand\">\nG\u00f3rny Karabach\n<\/div>\n<div class=\"sp-body folded\">\n<p>G\u00f3rny Karabach po\u0142udniowy Kaukaz &#8211; 3 kraje (Gruzja, Azerbejd\u017can, Armenia) w sumie powierzchnia polowy polski i 3 grupy etniczne &#8211; ludy kauakzkie, indoeurpejczycy, ludy tureckie. 5 roznych wyznan &#8211; prawos\u0142awni Gruzini, oddzielny od\u0142am religii chrze\u015bcija\u0144skiej w Armenii, muzu\u0142manie i szyici w Azerbejd\u017canie, katolicy ormianie, izydzi (szatan str\u0105cony do piek\u0142a, p\u0142aka\u0142 i zgasi\u0142 piek\u0142o) W gorskim Karabachu mieszkaj\u0105 wy\u0142\u0105cznie Ormianie i przechodzi\u0142 na przestrzeni dziej\u00f3w z r\u0105k do\u00a0 r\u0105k przez rozne imperia<\/p>\n<div class=\"spdiv\">[collapse]<\/div>\n<\/div>\n<\/div>\n\n\n<div class=\"sp-wrap sp-wrap-default\">\n<div class=\"sp-head\" title=\"Expand\">\nPowstanie Warszawskie\n<\/div>\n<div class=\"sp-body folded\">\n<p>\nkluczowi gracze:<br \/>\n&#8211; gen. Leopold Okulicki &#8222;Nied\u017awiadek&#8221; przyby\u0142 do w-wy w 1944 roku z misj\u0105 powierzon\u0105 przez wodza naczelnego Ka\u017amierza Sosnowskiego odwo\u0142ania powstania<br \/>\n&#8211; Tadeusz B\u00f3r Komorowski<br \/>\n&#8211; Antoni Chru\u015bciel ps monter [Do ostatnich chwil dow\u00f3dcy AK spierali si\u0119 ostro, czy da\u0107 rozkaz do wybuchu powstania w Warszawie. Wreszcie p\u0142k Antoni Chru\u015bciel, ps. &#8222;Monter&#8221;, najwi\u0119kszy jego zwolennik, mia\u0142 zobaczy\u0107 rosyjskie czo\u0142gi w okolicach Warszawy. Tym argumentem przekona\u0142 komendanta &#8222;Bora&#8221; Komorowskiego. Tak zacz\u0119\u0142a si\u0119 jedna z najwi\u0119kszych tragedii w historii Polski]<br \/>\n&#8211; Tadeusz pe\u0142czynski ps. Grzegorz<br \/>\n&#8211; P\u0142k. Jan Rzepecki \u2013 szef biura informacji i propagandy<\/p>\n<p>\n<div class=\"spdiv\">[collapse]<\/div>\n<\/div>\n<\/div>\n\n<p>&nbsp;<\/p>\n\n<div class=\"sp-wrap sp-wrap-default\">\n<div class=\"sp-head\" title=\"Expand\">\nJ\u00f3zef Pi\u0142sudski\n<\/div>\n<div class=\"sp-body folded\">\n<p>ofiary sanacji:<br \/>\n<a href=\"https:\/\/pl.wikipedia.org\/wiki\/Wojciech_Korfanty\">Wojciech Korfanty<\/a> &#8211; umiera w polskim wi\u0119zieniu<br \/>\n<a href=\"https:\/\/pl.wikipedia.org\/wiki\/Wincenty_Witos\">Wincenty Witos<\/a> &#8211; pozbawiony praw publicznych<br \/>\n<a href=\"https:\/\/pl.wikipedia.org\/wiki\/Ignacy_Jan_Paderewski\">Ignacy Paderewski<\/a> &#8211; tez nie mogl sie w Polsce pojawi\u0107<br \/>\n<a href=\"https:\/\/pl.wikipedia.org\/wiki\/Tadeusz_Rozwadowski\">gen. Tadeusz Rozwadowski<\/a> &#8211; wi\u0119ziony i torturowany<br \/>\n<a href=\"https:\/\/pl.wikipedia.org\/wiki\/W%C5%82odzimierz_Zag%C3%B3rski_(genera%C5%82)\">W\u0142odzimierz Zag\u00f3rski<\/a><\/p>\n<p>&nbsp;<\/p>\n<p>dwa obozy koncentracyjne w europie 1935 roku &#8211; Niemcy i polska (Brze\u015b\u0107 i Bereza Kartuska <\/p>\n<div class=\"spdiv\">[collapse]<\/div>\n<\/div>\n<\/div>\n\n<p>&nbsp;<\/p>\n<p>&nbsp;<\/p>\n<p><strong>Ile razy mo\u017cna odj\u0105\u0107 1 od 100? Ile razy mo\u017cesz odj\u0105\u0107 1 od 100?<\/strong><br \/>\nJeden raz, potem b\u0119dziesz ju\u017c odejmowa\u0142 1 od 99, 98 i tak dalej.<\/p>\n<div class=\"pt4\"><\/div>\n<div class=\"text-center zagadka_251458_3\">\n<div class=\"zagadka_pytanie pd1\">\n<p><strong>Co jest tak delikatnego i kruchego, \u017ce nawet wypowiedzenie jego nazwy, to przerywa?<br \/>\n<\/strong>Cisza<strong><br \/>\n<\/strong><\/p>\n<\/div>\n<\/div>\n","protected":false},"excerpt":{"rendered":"<p>I \u015bwi\u0105tynia Salomona powsta\u0142a ok 1000 lat przed Chrystusem, zosta\u0142a zburzona przez Nabuchodonozora w 586 roku kiedy babilo\u0144czycy zdobyli Jerozolim\u0119. Po 70 latach zosta\u0142a obudowana, w czasach Chrystusa zosta\u0142\u0105 robudowana przez Heroda Wielkiego. Zosta\u0142a ona jednak zniszczona ok 70 roku po Chrysusie przez Rzymskiego wodza Tytusa syna Wespazjana. &nbsp; &nbsp; Bitwa pod Kircholmem w roku [&hellip;]<\/p>\n","protected":false},"author":1,"featured_media":0,"parent":0,"menu_order":0,"comment_status":"closed","ping_status":"closed","template":"page-templates\/full-width.php","meta":{"footnotes":""},"class_list":["post-1475","page","type-page","status-publish","hentry"],"_links":{"self":[{"href":"https:\/\/quantum.modlitwy24.pl\/index.php?rest_route=\/wp\/v2\/pages\/1475","targetHints":{"allow":["GET"]}}],"collection":[{"href":"https:\/\/quantum.modlitwy24.pl\/index.php?rest_route=\/wp\/v2\/pages"}],"about":[{"href":"https:\/\/quantum.modlitwy24.pl\/index.php?rest_route=\/wp\/v2\/types\/page"}],"author":[{"embeddable":true,"href":"https:\/\/quantum.modlitwy24.pl\/index.php?rest_route=\/wp\/v2\/users\/1"}],"replies":[{"embeddable":true,"href":"https:\/\/quantum.modlitwy24.pl\/index.php?rest_route=%2Fwp%2Fv2%2Fcomments&post=1475"}],"version-history":[{"count":14,"href":"https:\/\/quantum.modlitwy24.pl\/index.php?rest_route=\/wp\/v2\/pages\/1475\/revisions"}],"predecessor-version":[{"id":2119,"href":"https:\/\/quantum.modlitwy24.pl\/index.php?rest_route=\/wp\/v2\/pages\/1475\/revisions\/2119"}],"wp:attachment":[{"href":"https:\/\/quantum.modlitwy24.pl\/index.php?rest_route=%2Fwp%2Fv2%2Fmedia&parent=1475"}],"curies":[{"name":"wp","href":"https:\/\/api.w.org\/{rel}","templated":true}]}}