{"id":1132,"date":"2018-02-11T15:58:08","date_gmt":"2018-02-11T14:58:08","guid":{"rendered":"http:\/\/quantum.golden-market.pl\/?page_id=1132"},"modified":"2018-02-11T16:16:55","modified_gmt":"2018-02-11T15:16:55","slug":"pytania-ustne-prawne","status":"publish","type":"page","link":"https:\/\/quantum.modlitwy24.pl\/?page_id=1132","title":{"rendered":"Pytania ustne &#8211; rachunkowo\u015b\u0107"},"content":{"rendered":"<p><strong><span style=\"color: #339966;\">&#8211; kto musi publikowa\u0107 sprawozdania finansowe;<\/span><br \/>\n<\/strong><strong>Badaniu podlegaj\u0105 roczne skonsolidowane sprawozdania finansowe grup kapita\u0142owych oraz roczne sprawozdania finansowe &#8211; kontynuuj\u0105cych dzia\u0142alno\u015b\u0107:<\/strong><br \/>\n1) bank\u00f3w krajowych, oddzia\u0142\u00f3w instytucji kredytowych, oddzia\u0142\u00f3w bank\u00f3w zagranicznych, zak\u0142ad\u00f3w ubezpiecze\u0144, zak\u0142ad\u00f3w reasekuracji, g\u0142\u00f3wnych oddzia\u0142\u00f3w i oddzia\u0142\u00f3w zak\u0142ad\u00f3w ubezpiecze\u0144, g\u0142\u00f3wnych oddzia\u0142\u00f3w i oddzia\u0142\u00f3w zak\u0142ad\u00f3w reasekuracji oraz\u00a0oddzia\u0142\u00f3w zagranicznych firm inwestycyjnych, sp\u00f3\u0142dzielczych kas oszcz\u0119dno\u015bciowo-kredytowych;<\/p>\n<p>2) jednostek dzia\u0142aj\u0105cych na\u00a0podstawie przepis\u00f3w o\u00a0obrocie papierami warto\u015bciowymi oraz\u00a0przepis\u00f3w o\u00a0funduszach inwestycyjnych i zarz\u0105dzaniu alternatywnymi funduszami inwestycyjnymi<br \/>\n2a) jednostek dzia\u0142aj\u0105cych na podstawie przepis\u00f3w o\u00a0organizacji i\u00a0funkcjonowaniu funduszy emerytalnych;<br \/>\n2b) krajowych instytucji p\u0142atniczych i instytucji pieni\u0105dza elektronicznego;<\/p>\n<p>3) sp\u00f3\u0142ek akcyjnych, z\u00a0wyj\u0105tkiem sp\u00f3\u0142ek b\u0119d\u0105cych na dzie\u0144 bilansowy w\u00a0organizacji;<\/p>\n<p>4) pozosta\u0142ych jednostek, kt\u00f3re w\u00a0poprzedzaj\u0105cym roku obrotowym, za kt\u00f3ry sporz\u0105dzono sprawozdania finansowe, spe\u0142ni\u0142y co najmniej dwa z\u00a0nast\u0119puj\u0105cych warunk\u00f3w:<br \/>\na) \u015brednioroczne zatrudnienie w\u00a0przeliczeniu na pe\u0142ne etaty wynios\u0142o co najmniej 50 os\u00f3b,<br \/>\nb) suma aktyw\u00f3w bilansu na koniec roku obrotowego stanowi\u0142a r\u00f3wnowarto\u015b\u0107 w\u00a0walucie polskiej co najmniej 2.500.000 euro,<br \/>\nc) przychody netto ze sprzeda\u017cy towar\u00f3w i\u00a0produkt\u00f3w oraz operacji finansowych za rok obrotowy stanowi\u0142y r\u00f3wnowarto\u015b\u0107 w\u00a0walucie polskiej co najmniej 5.000.000 euro.<\/p>\n<p>4. Badaniu podlegaj\u0105 r\u00f3wnie\u017c roczne po\u0142\u0105czone sprawozdania finansowe funduszy inwestycyjnych z\u00a0wydzielonymi subfunduszami oraz roczne sprawozdania jednostkowe subfunduszy.<\/p>\n<p>Przypomnijmy, \u017ce zgodnie z\u00a0art.\u00a055 ust.\u00a05 ustawy o\u00a0rachunkowo\u015bci,\u00a0<strong>obowi\u0105zkowo przepisy MSR<\/strong>\u00a0przy sporz\u0105dzaniu skonsolidowanych sprawozda\u0144 finansowych stosuj\u0105:<br \/>\n<strong>&#8211; emitenci papier\u00f3w warto\u015bciowych,<\/strong><br \/>\n<strong>&#8211; banki.<\/strong><\/p>\n<hr \/>\n<p><span style=\"color: #008000;\"><strong>Co to jest koszt, co to jest wydatek? Poda\u0107 przyk\u0142ad wydatku kt\u00f3ry nie jest<\/strong><\/span><br \/>\n<span style=\"color: #008000;\"><strong>kosztem i kosztu, kt\u00f3ry nie jest wydatkiem.<br \/>\n<\/strong><\/span><strong>Koszt<\/strong> jest zu\u017cyciem zasob\u00f3w finansowych w celu uzyskania konkretnego efektu.<br \/>\nWarto\u015b\u0107 okre\u015blona w jednostkach pieni\u0119\u017cnych<br \/>\n&#8211; Zmniejszaj\u0105 korzy\u015bci ekonomiczne jednostki, gdy\u017c zmniejsza si\u0119 warto\u015b\u0107 aktyw\u00f3w lub zwi\u0119kszaj\u0105 zobowi\u0105zania i rezerwy<br \/>\n&#8211; Zmniejsza si\u0119 warto\u015b\u0107 kapita\u0142u w\u0142asnego lub powi\u0119ksza si\u0119 jego niedob\u00f3r.<\/p>\n<p style=\"text-align: justify;\"><strong>Wydatki<\/strong> &#8211; ka\u017cdy rozch\u00f3d \u015brodk\u00f3w pieni\u0119\u017cnych zar\u00f3wno z kasy, jak i rachunku bankowego jednostki gospodarczej, kt\u00f3ry jest podejmowany w zwi\u0105zku z regulowaniem r\u00f3\u017cnych zobowi\u0105za\u0144 za okre\u015blone dobra czy us\u0142ugi.<\/p>\n<p><strong>amortyzacja<\/strong> jest kosztem, ale nie wydatkiem<br \/>\n<strong>podatek dochodowy<\/strong>, jest wydatkiem, ale nie kosztem<\/p>\n<p><strong><span style=\"color: #339966;\">3. WNiP \u2013 co to jest, gdzie si\u0119 znajduje w bilansie, sk\u0142adowe<\/span><br \/>\n<\/strong><b>Warto\u015bci niematerialne i prawne<\/b> \u2013 pozycja w bilansie przedsi\u0119biorstwa. Oznacza nabyte przez jednostk\u0119 prawa maj\u0105tkowe zaliczane do aktyw\u00f3w trwa\u0142ych nadaj\u0105ce si\u0119 do gospodarczego wykorzystania, o przewidywalnym okresie ekonomicznej u\u017cyteczno\u015bci d\u0142u\u017cszym ni\u017c rok, przeznaczone do u\u017cywania na potrzeby jednostki.<br \/>\nZ ustawy o rachunkowo\u015bci wynika, \u017ce musz\u0105 by\u0107 one nabyte (np. zakupione, otrzymane w drodze darowizny, wniesione w formie aportu).<br \/>\nWyja\u015bnienia wymagaj\u0105 znaczenia dw\u00f3ch sk\u0142adnik\u00f3w warto\u015bci niematerialnych i prawnych, a mianowicie <b>warto\u015b\u0107 firmy<\/b> i <b>koszty zako\u0144czonych prac rozwojowych<\/b>.<br \/>\n<b>Warto\u015b\u0107 firmy<\/b> (tzw. \u201egoodwill\u201d) reprezentuje warto\u015b\u0107 marki \u2013 reputacj\u0119 firmy, jej renom\u0119. Jest ona warto\u015bci\u0105 pozamaj\u0105tkow\u0105 i pozamaterialn\u0105. Stanowi j\u0105 r\u00f3\u017cnica mi\u0119dzy cen\u0105 nabycia okre\u015blonej jednostki a <a class=\"mw-redirect\" title=\"Warto\u015b\u0107 godziwa\" href=\"https:\/\/pl.wikipedia.org\/wiki\/Warto%C5%9B%C4%87_godziwa\">warto\u015bci\u0105 godziw\u0105<\/a> przej\u0119tych aktyw\u00f3w netto (aktyw\u00f3w pomniejszonych o przej\u0119te zobowi\u0105zania na warunkach transakcji rynkowej).\u00a0 Goodwill posiadaj\u0105 tylko te jednostki, kt\u00f3re generuj\u0105 zyski wy\u017csze od przeci\u0119tnych. Jest ona trudna w wycenie i \u0142atwo j\u0105 przeszacowa\u0107.<br \/>\n<b>Koszty zako\u0144czonych prac rozwojowych<\/b> obejmuj\u0105 koszty poniesione przez jednostk\u0119 przed podj\u0119ciem produkcji lub zastosowaniem technologii, poniesione na badania lub w inny spos\u00f3b uzyskan\u0105 wiedz\u0119, kt\u00f3rych wynik mo\u017ce by\u0107 wykorzystany w produkcji nowych lub ulepszonych wyrob\u00f3w oraz nowej technologii.<br \/>\n<b>Know-how, patenty, wynalazki<\/b> \u2013 warto\u015bci niematerialne i prawne, kt\u00f3rych jednostka nie wykorzystuje na w\u0142asne potrzeby, ale posiada je celem osi\u0105gni\u0119cia korzy\u015bci ekonomicznych w wyniku przyrostu ich warto\u015bci lub innych po\u017cytk\u00f3w zalicza si\u0119 do inwestycji d\u0142ugoterminowych.<\/p>\n<p style=\"text-align: justify;\"><span style=\"color: #008000;\"><strong>14. Co to jest analiza finansowa, wska\u017aniki<br \/>\n<\/strong><span style=\"color: #000000;\">Analiza finansowa jest obok analizy techniczno-ekonomicznej elementem analizy ekonomicznej, b\u0119d\u0105cej filarem analizy dzia\u0142alno\u015bci przedsi\u0119biorstwa. Zadaniem analizy finansowej jest dostarczenie informacji o wynikach i sytuacji finansowej przedsi\u0119biorstwa, niezb\u0119dnych w procesie zarz\u0105dzania oraz wykorzystywanych przez otoczenie przedsi\u0119biorstwa: kredytodawc\u00f3w, kontrahent\u00f3w, inwestor\u00f3w, audytor\u00f3w, urz\u0119dy statystyczne itp.<br \/>\n<\/span><\/span>Analiza wska\u017anikowa pozwala ustali\u0107 sytuacj\u0119 finansow\u0105 przedsi\u0119biorstwa w zakresie:<sup id=\"cite_ref-Zaleska_2-9\" class=\"reference\"><\/sup><\/p>\n<ul>\n<li>p\u0142ynno\u015bci,<\/li>\n<li>aktywno\u015bci,<\/li>\n<li>zad\u0142u\u017cenia,<\/li>\n<li>efektywno\u015bci,<\/li>\n<li>oceny rynkowej warto\u015bci akcji i kapita\u0142u.<\/li>\n<\/ul>\n<p style=\"text-align: justify;\"><span style=\"color: #008000;\"><strong>Co to jest Biznesplan<\/strong><\/span><br \/>\n<b>Biznesplan<\/b> \u2013 dokument przedsi\u0119biorstwa zawieraj\u0105cy ocen\u0119 op\u0142acalno\u015bci przedsi\u0119wzi\u0119cia gospodarczego<sup id=\"cite_ref-1\" class=\"reference\"><\/sup>. Sporz\u0105dzany na potrzeby wewn\u0119trzne i zewn\u0119trzne przedsi\u0119biorstwa \u2013 m.in. w celu pozyskania \u017ar\u00f3de\u0142 finansowania inwestycji. Zawiera opis cel\u00f3w, jakie przedsi\u0119biorstwo zamierza realizowa\u0107 w przysz\u0142o\u015bci z uwzgl\u0119dnieniem istniej\u0105cych uwarunkowa\u0144 rynkowych, finansowych, marketingowych, technologicznych, organizacyjnych i kadrowych. Jego elementami s\u0105 m.in. analiza finansowa, analiza rynku, analiza SWOT.<br \/>\nBiznesplan cz\u0119sto sporz\u0105dzany jest jako za\u0142\u0105cznik do wniosku kredytowego. Kredytobiorca musi wykaza\u0107, \u017ce nowe przedsi\u0119wzi\u0119cie b\u0119dzie rentowne. W celu efektywnego zarz\u0105dzania biznesplan powinny sporz\u0105dza\u0107 zar\u00f3wno nowo powstaj\u0105ce przedsi\u0119biorstwa, jak i przedsi\u0119biorstwa ju\u017c funkcjonuj\u0105ce w prze\u0142omowych momentach zwi\u0105zanych ze zmian\u0105 profilu dzia\u0142ania, wej\u015bciem na nowe rynki, przeprowadzeniem fuzji lub przej\u0119ciem.<br \/>\n<span id=\"Elementy_biznesplanu\" class=\"mw-headline\"><\/span><strong>Typowe elementy biznesplanu, to:<\/strong><br \/>\n&#8211; streszczenie przedsi\u0119wzi\u0119cia<br \/>\n&#8211; charakterystyka przedsi\u0119biorstwa<br \/>\n&#8211; opis produktu lub\/i us\u0142ugi oferowanej przez przedsi\u0119biorstwo<br \/>\n&#8211; opis strategii marketingowej<br \/>\n&#8211; plan finansowy<br \/>\n&#8211; analiz\u0119 SWOT<\/p>\n<p><span style=\"color: #008000;\"><strong>&#8211;\u00a0 Po co tworzy si\u0119 polityk\u0119 rachunkowo\u015bci<\/strong><\/span><br \/>\nZgodnie z ustaw\u0105 o rachunkowo\u015bci ka\u017cda organizacja pozarz\u0105dowa powinna opracowa\u0107 swoj\u0105 w\u0142asn\u0105 polityk\u0119 rachunkowo\u015bci \u2013 m\u00f3wi\u0105c kr\u00f3tko: <strong>zasady finansowe, wed\u0142ug kt\u00f3rych prowadzone b\u0119d\u0105 ksi\u0119gi rachunkowe<\/strong>. Polityka rachunkowo\u015bci powinna okre\u015bla\u0107 konkretne regu\u0142y oraz praktyki zwi\u0105zane z prowadzeniem rachunkowo\u015bci przyj\u0119te w danej organizacji<br \/>\nUstawa o rachunkowo\u015bci obliguje ka\u017cd\u0105 jednostk\u0119 do stworzenia zasad rachunkowo\u015bci \u2013 bez wzgl\u0119du na to, czy ksi\u0119gowo\u015b\u0107 w firmie prowadzi dedykowany temu dzia\u0142 ksi\u0119gowy czy zajmuje si\u0119 tym biuro rachunkowe. Odnosz\u0105c si\u0119 do zapis\u00f3w ustawy, nale\u017cy z ca\u0142\u0105 stanowczo\u015bci\u0105 stwierdzi\u0107, \u017ce polityk\u0119 rachunkowo\u015bci powinna posiada\u0107 ka\u017cda dzia\u0142alno\u015b\u0107 gospodarcza. Brak takiego dokumentu jest dzia\u0142aniem wbrew zapisom ustawy.<br \/>\nCho\u0107 utworzenie polityki rachunkowo\u015bci mo\u017ce si\u0119 wydawa\u0107 bezcelow\u0105 \u201epapierologi\u0105\u201d, to warto pami\u0119ta\u0107, \u017ce w my\u015bl przepis\u00f3w<strong> taki dokument pozwala na indywidualne dostosowanie niekt\u00f3rych przepis\u00f3w do potrzeb Twojego przedsi\u0119biorstwa<\/strong>. W konsekwencji przek\u0142ada si\u0119 to na precyzyjno\u015b\u0107 sprawozda\u0144 finansowych, kt\u00f3re \u2013 sporz\u0105dzone zgodnie z zasadami polityki rachunkowo\u015bci \u2013 powinny jak najdok\u0142adniej odzwierciedla\u0107 gospodarcz\u0105 rzeczywisto\u015b\u0107.<\/p>\n<p>Aby ksi\u0119gowo\u015b\u0107 firmie dobrze funkcjonowa\u0142a, nale\u017cy zadba\u0107 o to, \u017ceby opracowane regu\u0142y uwzgl\u0119dnia\u0142y nie tylko wymagania ustawy i rozporz\u0105dzenia, ale tak\u017ce odnosi\u0142y si\u0119 do specyfiki danej organizacji. Summa summarum \u2013 polityka rachunkowo\u015bci wprowadza porz\u0105dek i systematyzuje prac\u0119 os\u00f3b odpowiedzialnych za ksi\u0119gowo\u015b\u0107 w Twojej firmie.<\/p>\n","protected":false},"excerpt":{"rendered":"<p>&#8211; kto musi publikowa\u0107 sprawozdania finansowe; Badaniu podlegaj\u0105 roczne skonsolidowane sprawozdania finansowe grup kapita\u0142owych oraz roczne sprawozdania finansowe &#8211; kontynuuj\u0105cych dzia\u0142alno\u015b\u0107: 1) bank\u00f3w krajowych, oddzia\u0142\u00f3w instytucji kredytowych, oddzia\u0142\u00f3w bank\u00f3w zagranicznych, zak\u0142ad\u00f3w ubezpiecze\u0144, zak\u0142ad\u00f3w reasekuracji, g\u0142\u00f3wnych oddzia\u0142\u00f3w i oddzia\u0142\u00f3w zak\u0142ad\u00f3w ubezpiecze\u0144, g\u0142\u00f3wnych oddzia\u0142\u00f3w i oddzia\u0142\u00f3w zak\u0142ad\u00f3w reasekuracji oraz\u00a0oddzia\u0142\u00f3w zagranicznych firm inwestycyjnych, sp\u00f3\u0142dzielczych kas oszcz\u0119dno\u015bciowo-kredytowych; 2) jednostek [&hellip;]<\/p>\n","protected":false},"author":1,"featured_media":0,"parent":0,"menu_order":0,"comment_status":"closed","ping_status":"closed","template":"page-templates\/full-width.php","meta":{"footnotes":""},"class_list":["post-1132","page","type-page","status-publish","hentry"],"_links":{"self":[{"href":"https:\/\/quantum.modlitwy24.pl\/index.php?rest_route=\/wp\/v2\/pages\/1132","targetHints":{"allow":["GET"]}}],"collection":[{"href":"https:\/\/quantum.modlitwy24.pl\/index.php?rest_route=\/wp\/v2\/pages"}],"about":[{"href":"https:\/\/quantum.modlitwy24.pl\/index.php?rest_route=\/wp\/v2\/types\/page"}],"author":[{"embeddable":true,"href":"https:\/\/quantum.modlitwy24.pl\/index.php?rest_route=\/wp\/v2\/users\/1"}],"replies":[{"embeddable":true,"href":"https:\/\/quantum.modlitwy24.pl\/index.php?rest_route=%2Fwp%2Fv2%2Fcomments&post=1132"}],"version-history":[{"count":7,"href":"https:\/\/quantum.modlitwy24.pl\/index.php?rest_route=\/wp\/v2\/pages\/1132\/revisions"}],"predecessor-version":[{"id":1144,"href":"https:\/\/quantum.modlitwy24.pl\/index.php?rest_route=\/wp\/v2\/pages\/1132\/revisions\/1144"}],"wp:attachment":[{"href":"https:\/\/quantum.modlitwy24.pl\/index.php?rest_route=%2Fwp%2Fv2%2Fmedia&parent=1132"}],"curies":[{"name":"wp","href":"https:\/\/api.w.org\/{rel}","templated":true}]}}